{"id":25,"date":"2019-09-02T15:55:27","date_gmt":"2019-09-02T13:55:27","guid":{"rendered":"https:\/\/b-sidebaby.com\/?page_id=25"},"modified":"2023-09-14T09:26:54","modified_gmt":"2023-09-14T07:26:54","slug":"a-propos","status":"publish","type":"page","link":"https:\/\/b-sidebaby.com\/index.php\/a-propos\/","title":{"rendered":"\u00c0 propos"},"content":{"rendered":"<p>[vc_row css_animation=\u00a0\u00bb\u00a0\u00bb row_type=\u00a0\u00bbrow\u00a0\u00bb use_row_as_full_screen_section=\u00a0\u00bbno\u00a0\u00bb type=\u00a0\u00bbfull_width\u00a0\u00bb angled_section=\u00a0\u00bbno\u00a0\u00bb text_align=\u00a0\u00bbleft\u00a0\u00bb background_image_as_pattern=\u00a0\u00bbwithout_pattern\u00a0\u00bb][vc_column][qode_elements_holder number_of_columns=\u00a0\u00bbone_column\u00a0\u00bb][qode_elements_holder_item advanced_animations=\u00a0\u00bbno\u00a0\u00bb][vc_column_text]<\/p>\n<h4 style=\"text-align: center;\">Lucie Mauroux<\/h4>\n<p>[\/vc_column_text][vc_column_text css=\u00a0\u00bb.vc_custom_1621411308231{margin-top: -60px !important;}\u00a0\u00bb]<\/p>\n<h1 style=\"text-align: center;\">QUI SUIS-JE ?<\/h1>\n<p>[\/vc_column_text][\/qode_elements_holder_item][\/qode_elements_holder][\/vc_column][\/vc_row][vc_row css_animation=\u00a0\u00bb\u00a0\u00bb row_type=\u00a0\u00bbrow\u00a0\u00bb use_row_as_full_screen_section=\u00a0\u00bbno\u00a0\u00bb type=\u00a0\u00bbfull_width\u00a0\u00bb angled_section=\u00a0\u00bbno\u00a0\u00bb text_align=\u00a0\u00bbleft\u00a0\u00bb background_image_as_pattern=\u00a0\u00bbwithout_pattern\u00a0\u00bb][vc_column][vc_empty_space height=\u00a0\u00bb100px\u00a0\u00bb][\/vc_column][\/vc_row][vc_row css_animation=\u00a0\u00bb\u00a0\u00bb row_type=\u00a0\u00bbrow\u00a0\u00bb use_row_as_full_screen_section=\u00a0\u00bbno\u00a0\u00bb type=\u00a0\u00bbgrid\u00a0\u00bb angled_section=\u00a0\u00bbno\u00a0\u00bb text_align=\u00a0\u00bbleft\u00a0\u00bb background_image_as_pattern=\u00a0\u00bbwithout_pattern\u00a0\u00bb z_index=\u00a0\u00bb\u00a0\u00bb background_color=\u00a0\u00bb#f5fcf9&Prime;][vc_column css_animation=\u00a0\u00bbnone\u00a0\u00bb offset=\u00a0\u00bbvc_hidden-sm vc_hidden-xs\u00a0\u00bb][qode_elements_holder number_of_columns=\u00a0\u00bbtwo_columns\u00a0\u00bb][qode_elements_holder_item advanced_animations=\u00a0\u00bbno\u00a0\u00bb][vc_single_image image=\u00a0\u00bb15728&Prime; img_size=\u00a0\u00bbfull\u00a0\u00bb qode_css_animation=\u00a0\u00bbelement_from_right\u00a0\u00bb transition_delay=\u00a0\u00bb.5&Prime; css=\u00a0\u00bb.vc_custom_1568208873204{margin-top: -100px !important;}\u00a0\u00bb][\/qode_elements_holder_item][qode_elements_holder_item advanced_animations=\u00a0\u00bbno\u00a0\u00bb custom_class=\u00a0\u00bbborder\u00a0\u00bb][vc_column_text css=\u00a0\u00bb.vc_custom_1621411463017{margin-top: 150px !important;margin-right: 10px !important;margin-left: -70px !important;border-top-width: 4px !important;border-right-width: 4px !important;border-bottom-width: 4px !important;border-left-width: 4px !important;padding-top: 10px !important;padding-right: 30px !important;padding-bottom: 10px !important;padding-left: 30px !important;background-color: rgba(255,255,255,0.85) !important;*background-color: rgb(255,255,255) !important;}\u00a0\u00bb]<\/p>\n<h2>Infirmi\u00e8re pu\u00e9ricultrice<\/h2>\n<p>MON PARCOURS<\/p>\n<p>&nbsp;<\/p>\n<p>Apr\u00e8s mon dipl\u00f4me d\u2019infirmi\u00e8re obtenu en 2014, j\u2019ai enrichi ma formation en suivant une ann\u00e9e de sp\u00e9cialisation. Titulaire du dipl\u00f4me d\u2019infirmi\u00e8re pu\u00e9ricultrice, j\u2019ai pu approfondir mes connaissances en mati\u00e8re de soins et d\u2019accompagnement de l\u2019enfant mais aussi affiner mon projet professionnel. Les nombreux stages effectu\u00e9s en milieu hospitalier mais essentiellement en extra-hospitalier ont orient\u00e9 mon choix de travailler dans une structure collective.<\/p>\n<p>En travaillant pour une micro-cr\u00e8che, j\u2019ai commenc\u00e9 \u00e0 r\u00e9aliser que ma mission ne se limitait pas simplement \u00e0 la prise en charge de l\u2019enfant mais qu\u2019elle se prolongeait vers l\u2019apport de soutien et conseils aux familles.<br \/>\nDe nombreux parents me posaient des questions sur des sujets tr\u00e8s vari\u00e9s comme le sommeil, l\u2019alimentation, le d\u00e9veloppement physique et psychique de leur enfant etc\u2026 C\u2019est ainsi que je me suis rendue compte que mon exp\u00e9rience, ma bienveillance, mon \u00e9coute \u00e9taient tr\u00e8s appr\u00e9ci\u00e9es et demand\u00e9es.[\/vc_column_text][\/qode_elements_holder_item][\/qode_elements_holder][vc_empty_space height=\u00a0\u00bb100px\u00a0\u00bb][\/vc_column][\/vc_row][vc_row css_animation=\u00a0\u00bb\u00a0\u00bb row_type=\u00a0\u00bbrow\u00a0\u00bb use_row_as_full_screen_section=\u00a0\u00bbno\u00a0\u00bb type=\u00a0\u00bbgrid\u00a0\u00bb angled_section=\u00a0\u00bbno\u00a0\u00bb text_align=\u00a0\u00bbleft\u00a0\u00bb background_image_as_pattern=\u00a0\u00bbwithout_pattern\u00a0\u00bb z_index=\u00a0\u00bb\u00a0\u00bb][vc_column css_animation=\u00a0\u00bbnone\u00a0\u00bb offset=\u00a0\u00bbvc_hidden-sm vc_hidden-xs\u00a0\u00bb][vc_empty_space height=\u00a0\u00bb200px\u00a0\u00bb][qode_elements_holder number_of_columns=\u00a0\u00bbtwo_columns\u00a0\u00bb][qode_elements_holder_item advanced_animations=\u00a0\u00bbno\u00a0\u00bb custom_class=\u00a0\u00bbborder\u00a0\u00bb][vc_empty_space height=\u00a0\u00bb80px\u00a0\u00bb][vc_column_text css=\u00a0\u00bb.vc_custom_1621411684873{margin-top: -200px !important;margin-right: -70px !important;margin-left: 30px !important;border-top-width: 4px !important;border-right-width: 4px !important;border-bottom-width: 4px !important;border-left-width: 4px !important;padding-top: 10px !important;padding-right: 50px !important;padding-bottom: 10px !important;padding-left: 50px !important;border-left-color: #fac9b4 !important;border-left-style: solid !important;border-right-color: #fac9b4 !important;border-right-style: solid !important;border-top-color: #fac9b4 !important;border-top-style: solid !important;border-bottom-color: #fac9b4 !important;border-bottom-style: solid !important;}\u00a0\u00bb]<\/p>\n<h2>Mieux vous comprendre<\/h2>\n<p>MON CONSTAT<\/p>\n<p>&nbsp;<\/p>\n<p>La parentalit\u00e9 suscite de nombreuses interrogations et, gr\u00e2ce \u00e0 mon expertise et ma disponibilit\u00e9, je peux \u00eatre un maillon essentiel contribuant au bien-\u00eatre des parents dans leur nouveau r\u00f4le. Ce qui ressort r\u00e9guli\u00e8rement des \u00e9changes que je peux avoir avec des familles, c\u2019est qu\u2019il est difficile de savoir vers qui se tourner selon le sujet \u00e0 aborder.<br \/>\nPartant de ce constat, j\u2019ai eu l\u2019envie de proposer un service complet et personnalis\u00e9 d\u2019accompagnement s\u2019adaptant aux valeurs et aux choix des parents. Parce que personne mieux que vous ne connait votre enfant, je suis \u00e0 vos c\u00f4t\u00e9s pour vous guider.<\/p>\n<p>Ainsi \u00e9tait n\u00e9 le concept \u00ab\u00a0B-Side Baby\u00a0\u00bb\u2026[\/vc_column_text][\/qode_elements_holder_item][qode_elements_holder_item advanced_animations=\u00a0\u00bbno\u00a0\u00bb][vc_single_image image=\u00a0\u00bb15730&Prime; img_size=\u00a0\u00bbfull\u00a0\u00bb qode_css_animation=\u00a0\u00bbelement_from_left\u00a0\u00bb transition_delay=\u00a0\u00bb.5&Prime;][\/qode_elements_holder_item][\/qode_elements_holder][vc_empty_space height=\u00a0\u00bb100px\u00a0\u00bb][\/vc_column][\/vc_row][vc_row css_animation=\u00a0\u00bb\u00a0\u00bb row_type=\u00a0\u00bbrow\u00a0\u00bb use_row_as_full_screen_section=\u00a0\u00bbno\u00a0\u00bb type=\u00a0\u00bbgrid\u00a0\u00bb angled_section=\u00a0\u00bbno\u00a0\u00bb text_align=\u00a0\u00bbleft\u00a0\u00bb background_image_as_pattern=\u00a0\u00bbwithout_pattern\u00a0\u00bb z_index=\u00a0\u00bb\u00a0\u00bb][vc_column offset=\u00a0\u00bbvc_hidden-sm vc_hidden-xs\u00a0\u00bb][qode_elements_holder number_of_columns=\u00a0\u00bbone_column\u00a0\u00bb][qode_elements_holder_item advanced_animations=\u00a0\u00bbno\u00a0\u00bb][vc_column_text]<\/p>\n<h4 style=\"text-align: center;\">A propos<\/h4>\n<p>[\/vc_column_text][vc_column_text css=\u00a0\u00bb.vc_custom_1621411768568{margin-top: -60px !important;}\u00a0\u00bb]<\/p>\n<h3 style=\"text-align: center;\">MES FORMATIONS<\/h3>\n<p>[\/vc_column_text][\/qode_elements_holder_item][\/qode_elements_holder]<div class=\"qode-workflow  qode-workflow-animate\">\n    <span class=\"main-line\" style=\"background-color:#a1e2cb;\"><\/span>\n    <div class=\"qode-workflow-item\">\n    <span class=\"line\" style=\"background-color:#a1e2cb;\"><\/span>\n    <div class=\"qode-workflow-item-inner reverse\">\n        <div class=\"qode-workflow-image left\">\n            <img loading=\"lazy\" decoding=\"async\" width=\"50\" height=\"50\" src=\"https:\/\/b-sidebaby.com\/wp-content\/uploads\/2019\/09\/picto_ecole.png\" class=\"attachment-full size-full\" alt=\"\" \/>        <\/div>\n        <div class=\"qode-workflow-text\">\n            <span class=\"circle\" style=\"background-color:#a1e2cb;\"><\/span>\n                            <h3>2023<\/h3>\n                                                    <p class=\"text\">Formation r\u00e9flexologie b\u00e9b\u00e9 affective \u00a9<br \/>\nA.M.I de formation - Anne Marmagne<\/p>\n                    <\/div>\n    <\/div>\n<\/div><div class=\"qode-workflow-item\">\n    <span class=\"line\" style=\"background-color:#a1e2cb;\"><\/span>\n    <div class=\"qode-workflow-item-inner \">\n        <div class=\"qode-workflow-image right\">\n            <img loading=\"lazy\" decoding=\"async\" width=\"50\" height=\"50\" src=\"https:\/\/b-sidebaby.com\/wp-content\/uploads\/2019\/09\/picto_ecole.png\" class=\"attachment-full size-full\" alt=\"\" \/>        <\/div>\n        <div class=\"qode-workflow-text\">\n            <span class=\"circle\" style=\"background-color:#a1e2cb;\"><\/span>\n                            <h3>2019-2020<\/h3>\n                                                    <p class=\"text\">Formation \u00e0 \u00ab l'\u00e9cole du bien na\u00eetre \u00bb \u00e0 Neuilly sur Seine.<br \/>\nEcole de Madame Sonia Krief<br \/>\nForm\u00e9e aux sujets :<\/p>\n<p>- Allaitement maternel<br \/>\n- Thalasso Bain b\u00e9b\u00e9<br \/>\n- Massage b\u00e9b\u00e9<\/p>\n                    <\/div>\n    <\/div>\n<\/div><div class=\"qode-workflow-item\">\n    <span class=\"line\" style=\"background-color:#a1e2cb;\"><\/span>\n    <div class=\"qode-workflow-item-inner reverse\">\n        <div class=\"qode-workflow-image left\">\n            <img loading=\"lazy\" decoding=\"async\" width=\"50\" height=\"50\" src=\"https:\/\/b-sidebaby.com\/wp-content\/uploads\/2019\/09\/picto_directrice.png\" class=\"attachment-full size-full\" alt=\"\" \/>        <\/div>\n        <div class=\"qode-workflow-text\">\n            <span class=\"circle\" style=\"background-color:#a1e2cb;\"><\/span>\n                            <h3>2016<\/h3>\n                                                    <p class=\"text\">Formation cycle directrice de cr\u00e8che \u00e0 Paris<\/p>\n                    <\/div>\n    <\/div>\n<\/div><div class=\"qode-workflow-item\">\n    <span class=\"line\" style=\"background-color:#a1e2cb;\"><\/span>\n    <div class=\"qode-workflow-item-inner \">\n        <div class=\"qode-workflow-image right\">\n            <img loading=\"lazy\" decoding=\"async\" width=\"50\" height=\"50\" src=\"https:\/\/b-sidebaby.com\/wp-content\/uploads\/2019\/09\/picto_pueri.png\" class=\"attachment-full size-full\" alt=\"\" \/>        <\/div>\n        <div class=\"qode-workflow-text\">\n            <span class=\"circle\" style=\"background-color:#a1e2cb;\"><\/span>\n                            <h3>2016<\/h3>\n                                                    <p class=\"text\">Titulaire du dipl\u00f4me d\u2019\u00e9tat d\u2019infirmi\u00e8re pu\u00e9ricultrice de Toulouse.<\/p>\n                    <\/div>\n    <\/div>\n<\/div><div class=\"qode-workflow-item\">\n    <span class=\"line\" style=\"background-color:#a1e2cb;\"><\/span>\n    <div class=\"qode-workflow-item-inner reverse\">\n        <div class=\"qode-workflow-image left\">\n            <img loading=\"lazy\" decoding=\"async\" width=\"50\" height=\"50\" src=\"https:\/\/b-sidebaby.com\/wp-content\/uploads\/2019\/09\/picto_infirmiere.png\" class=\"attachment-full size-full\" alt=\"\" \/>        <\/div>\n        <div class=\"qode-workflow-text\">\n            <span class=\"circle\" style=\"background-color:#a1e2cb;\"><\/span>\n                            <h3>2014<\/h3>\n                                                    <p class=\"text\">Titulaire du dipl\u00f4me d\u2019\u00e9tat d\u2019infirmi\u00e8re de Bayonne<\/p>\n                    <\/div>\n    <\/div>\n<\/div><\/div>[vc_empty_space height=\u00a0\u00bb100px\u00a0\u00bb][\/vc_column][\/vc_row][vc_row css_animation=\u00a0\u00bb\u00a0\u00bb row_type=\u00a0\u00bbrow\u00a0\u00bb use_row_as_full_screen_section=\u00a0\u00bbno\u00a0\u00bb type=\u00a0\u00bbfull_width\u00a0\u00bb angled_section=\u00a0\u00bbno\u00a0\u00bb text_align=\u00a0\u00bbleft\u00a0\u00bb background_image_as_pattern=\u00a0\u00bbwithout_pattern\u00a0\u00bb css=\u00a0\u00bb.vc_custom_1575897939862{padding-right: 10px !important;padding-left: 10px !important;}\u00a0\u00bb z_index=\u00a0\u00bb\u00a0\u00bb][vc_column offset=\u00a0\u00bbvc_hidden-lg vc_hidden-md\u00a0\u00bb][vc_empty_space][vc_single_image image=\u00a0\u00bb15728&Prime; img_size=\u00a0\u00bbfull\u00a0\u00bb alignment=\u00a0\u00bbcenter\u00a0\u00bb qode_css_animation=\u00a0\u00bb\u00a0\u00bb css=\u00a0\u00bb.vc_custom_1575897099755{margin-top: -100px !important;}\u00a0\u00bb][vc_column_text css=\u00a0\u00bb.vc_custom_1603790771225{background-color: rgba(255,255,255,0.85) !important;*background-color: rgb(255,255,255) !important;}\u00a0\u00bb]<\/p>\n<h6 style=\"text-align: center;\">Infirmi\u00e8re pu\u00e9ricultrice<\/h6>\n<p style=\"text-align: center;\">MON PARCOURS<\/p>\n<p style=\"text-align: center;\">Apr\u00e8s mon dipl\u00f4me d\u2019infirmi\u00e8re obtenu en 2014, j\u2019ai enrichi ma formation en suivant une ann\u00e9e de sp\u00e9cialisation. Titulaire du dipl\u00f4me d\u2019infirmi\u00e8re pu\u00e9ricultrice, j\u2019ai pu approfondir mes connaissances en mati\u00e8re de soins et d\u2019accompagnement de l\u2019enfant mais aussi affiner mon projet professionnel. Les nombreux stages effectu\u00e9s en milieu hospitalier mais essentiellement en extra-hospitalier ont orient\u00e9 mon choix de travailler dans une structure collective.<\/p>\n<p style=\"text-align: center;\">En travaillant pour une micro-cr\u00e8che, j\u2019ai commenc\u00e9 \u00e0 r\u00e9aliser que ma mission ne se limitait pas simplement \u00e0 la prise en charge de l\u2019enfant mais qu\u2019elle se prolongeait vers l\u2019apport de soutien et conseils aux familles.<br \/>\nDe nombreux parents me posaient des questions sur des sujets tr\u00e8s vari\u00e9s comme le sommeil, l\u2019alimentation, le d\u00e9veloppement physique et psychique de leur enfant etc\u2026 C\u2019est ainsi que je me suis rendue compte que mon exp\u00e9rience, ma bienveillance, mon \u00e9coute \u00e9taient tr\u00e8s appr\u00e9ci\u00e9es et demand\u00e9es.<\/p>\n<p>[\/vc_column_text][vc_single_image image=\u00a0\u00bb15730&Prime; img_size=\u00a0\u00bbfull\u00a0\u00bb alignment=\u00a0\u00bbcenter\u00a0\u00bb qode_css_animation=\u00a0\u00bbelement_from_left\u00a0\u00bb transition_delay=\u00a0\u00bb.5&Prime;][vc_column_text]<\/p>\n<h6 style=\"text-align: center;\">Mieux vous comprendre<\/h6>\n<p style=\"text-align: center;\">MON CONSTAT<\/p>\n<p style=\"text-align: center;\">La parentalit\u00e9 suscite de nombreuses interrogations et, gr\u00e2ce \u00e0 mon expertise et ma disponibilit\u00e9, je peux \u00eatre un maillon essentiel contribuant au bien-\u00eatre des parents dans leur nouveau r\u00f4le. Ce qui ressort r\u00e9guli\u00e8rement des \u00e9changes que je peux avoir avec des familles, c\u2019est qu\u2019il est difficile de savoir vers qui se tourner selon le sujet \u00e0 aborder.<br \/>\nPartant de ce constat, j\u2019ai eu l\u2019envie de proposer un service complet et personnalis\u00e9 d\u2019accompagnement s\u2019adaptant aux valeurs et aux choix des parents. Parce que personne mieux que vous ne connait votre enfant, je suis \u00e0 vos c\u00f4t\u00e9s pour vous guider.<\/p>\n<p style=\"text-align: center;\">Ainsi \u00e9tait n\u00e9 le concept \u00ab\u00a0B-Side Baby\u00a0\u00bb\u2026<\/p>\n<p>[\/vc_column_text][vc_column_text]<\/p>\n<h4 style=\"text-align: center;\">A propos<\/h4>\n<p>[\/vc_column_text][vc_column_text css=\u00a0\u00bb.vc_custom_1567673651353{margin-top: -60px !important;}\u00a0\u00bb]<\/p>\n<h2 style=\"text-align: center;\">MES FORMATIONS<\/h2>\n<p>[\/vc_column_text][\/vc_column][\/vc_row][vc_row css_animation=\u00a0\u00bb\u00a0\u00bb row_type=\u00a0\u00bbrow\u00a0\u00bb use_row_as_full_screen_section=\u00a0\u00bbno\u00a0\u00bb type=\u00a0\u00bbfull_width\u00a0\u00bb angled_section=\u00a0\u00bbno\u00a0\u00bb text_align=\u00a0\u00bbcenter\u00a0\u00bb background_image_as_pattern=\u00a0\u00bbwithout_pattern\u00a0\u00bb css=\u00a0\u00bb.vc_custom_1575902150337{padding-right: 10px !important;padding-left: 10px !important;}\u00a0\u00bb z_index=\u00a0\u00bb\u00a0\u00bb][vc_column offset=\u00a0\u00bbvc_hidden-lg vc_hidden-md\u00a0\u00bb][vc_empty_space]<div class=\"qode-workflow  qode-workflow-animate\">\n    <span class=\"main-line\" style=\"background-color:#a1e2cb;\"><\/span>\n    <div class=\"qode-workflow-item\">\n    <span class=\"line\" style=\"background-color:#a1e2cb;\"><\/span>\n    <div class=\"qode-workflow-item-inner \">\n        <div class=\"qode-workflow-image center\">\n            <img loading=\"lazy\" decoding=\"async\" width=\"50\" height=\"50\" src=\"https:\/\/b-sidebaby.com\/wp-content\/uploads\/2019\/09\/picto_ecole.png\" class=\"attachment-full size-full\" alt=\"\" \/>        <\/div>\n        <div class=\"qode-workflow-text\">\n            <span class=\"circle\" style=\"background-color:#a1e2cb;\"><\/span>\n                            <h3>2019-2020<\/h3>\n                                                    <p class=\"text\">Formation \u00e0 \u00ab l'\u00e9cole du bien na\u00eetre \u00bb \u00e0 Neuilly sur Seine.<br \/>\nEcole de Madame Sonia Krief<br \/>\nForm\u00e9e aux sujets :<\/p>\n<p>- Allaitement maternel<br \/>\n- Thalasso Bain b\u00e9b\u00e9<br \/>\n- Massage b\u00e9b\u00e9<\/p>\n                    <\/div>\n    <\/div>\n<\/div><div class=\"qode-workflow-item\">\n    <span class=\"line\" style=\"background-color:#a1e2cb;\"><\/span>\n    <div class=\"qode-workflow-item-inner \">\n        <div class=\"qode-workflow-image center\">\n            <img loading=\"lazy\" decoding=\"async\" width=\"50\" height=\"50\" src=\"https:\/\/b-sidebaby.com\/wp-content\/uploads\/2019\/09\/picto_directrice.png\" class=\"attachment-full size-full\" alt=\"\" \/>        <\/div>\n        <div class=\"qode-workflow-text\">\n            <span class=\"circle\" style=\"background-color:#a1e2cb;\"><\/span>\n                            <h3>2016<\/h3>\n                                                    <p class=\"text\">Formation cycle directrice de cr\u00e8che \u00e0 Paris<\/p>\n                    <\/div>\n    <\/div>\n<\/div><div class=\"qode-workflow-item\">\n    <span class=\"line\" style=\"background-color:#a1e2cb;\"><\/span>\n    <div class=\"qode-workflow-item-inner \">\n        <div class=\"qode-workflow-image center\">\n            <img loading=\"lazy\" decoding=\"async\" width=\"50\" height=\"50\" src=\"https:\/\/b-sidebaby.com\/wp-content\/uploads\/2019\/09\/picto_pueri.png\" class=\"attachment-full size-full\" alt=\"\" \/>        <\/div>\n        <div class=\"qode-workflow-text\">\n            <span class=\"circle\" style=\"background-color:#a1e2cb;\"><\/span>\n                            <h3>2016<\/h3>\n                                                    <p class=\"text\">Titulaire du dipl\u00f4me d\u2019\u00e9tat d\u2019infirmi\u00e8re pu\u00e9ricultrice de Toulouse.<\/p>\n                    <\/div>\n    <\/div>\n<\/div><div class=\"qode-workflow-item\">\n    <span class=\"line\" style=\"background-color:#a1e2cb;\"><\/span>\n    <div class=\"qode-workflow-item-inner \">\n        <div class=\"qode-workflow-image center\">\n            <img loading=\"lazy\" decoding=\"async\" width=\"50\" height=\"50\" src=\"https:\/\/b-sidebaby.com\/wp-content\/uploads\/2019\/09\/picto_infirmiere.png\" class=\"attachment-full size-full\" alt=\"\" \/>        <\/div>\n        <div class=\"qode-workflow-text\">\n            <span class=\"circle\" style=\"background-color:#a1e2cb;\"><\/span>\n                            <h3>2014<\/h3>\n                                                    <p class=\"text\">Titulaire du dipl\u00f4me d\u2019\u00e9tat d\u2019infirmi\u00e8re de Bayonne<\/p>\n                    <\/div>\n    <\/div>\n<\/div><\/div>[\/vc_column][\/vc_row][vc_row css_animation=\u00a0\u00bb\u00a0\u00bb row_type=\u00a0\u00bbrow\u00a0\u00bb use_row_as_full_screen_section=\u00a0\u00bbno\u00a0\u00bb type=\u00a0\u00bbgrid\u00a0\u00bb angled_section=\u00a0\u00bbno\u00a0\u00bb text_align=\u00a0\u00bbcenter\u00a0\u00bb background_image_as_pattern=\u00a0\u00bbwithout_pattern\u00a0\u00bb z_index=\u00a0\u00bb\u00a0\u00bb][vc_column][qode_elements_holder number_of_columns=\u00a0\u00bbone_column\u00a0\u00bb][qode_elements_holder_item vertical_alignment=\u00a0\u00bbmiddle\u00a0\u00bb horizontal_alignment=\u00a0\u00bbcenter\u00a0\u00bb advanced_animations=\u00a0\u00bbno\u00a0\u00bb]<div class=\"qode-cta-section qode-cta-appear-effect\">\n\t<img decoding=\"async\" src=\"https:\/\/b-sidebaby.com\/wp-content\/uploads\/2019\/09\/footer_contact@2x.jpg\" alt=\"call to action image\"\/>\n\t<div class=\"qode-cta-section-text-wrapper\">\n\t\t<div class=\"qode-cta-section-text-wrapper-inner\" >\n\t\t\t\t\t\tShortcode doesn&#039;t exist\t\t\t\t\t\t\n\n\t<a href=\"https:\/\/b-sidebaby.com\/index.php\/contact\/\" target=\"_self\"  class=\"qode-btn qode-btn-medium qode-btn-solid qode-btn-icon qode-btn-with-shadow qode-btn-shadow-hover\"  >\n\t    <span class=\"qode-btn-text\">CONTACT<\/span><span class=\"qode-button-v2-icon-holder qode-type1-gradient-bottom-to-top-text\"><span aria-hidden=\"true\" class=\"qode_icon_font_elegant arrow_carrot-right qode-button-v2-icon-holder-inner\" ><\/span><\/span>\t<\/a>\n\n\t\t<\/div>\n\t<\/div>\n<\/div>[\/qode_elements_holder_item][\/qode_elements_holder][\/vc_column][\/vc_row]<\/p>\n","protected":false},"excerpt":{"rendered":"<p>[vc_row css_animation=\u00a0\u00bb\u00a0\u00bb row_type=\u00a0\u00bbrow\u00a0\u00bb use_row_as_full_screen_section=\u00a0\u00bbno\u00a0\u00bb type=\u00a0\u00bbfull_width\u00a0\u00bb angled_section=\u00a0\u00bbno\u00a0\u00bb text_align=\u00a0\u00bbleft\u00a0\u00bb background_image_as_pattern=\u00a0\u00bbwithout_pattern\u00a0\u00bb][vc_column][qode_elements_holder number_of_columns=\u00a0\u00bbone_column\u00a0\u00bb][qode_elements_holder_item advanced_animations=\u00a0\u00bbno\u00a0\u00bb][vc_column_text] Lucie Mauroux [\/vc_column_text][vc_column_text css=\u00a0\u00bb.vc_custom_1621411308231{margin-top: -60px !important;}\u00a0\u00bb] QUI SUIS-JE ? [\/vc_column_text][\/qode_elements_holder_item][\/qode_elements_holder][\/vc_column][\/vc_row][vc_row css_animation=\u00a0\u00bb\u00a0\u00bb row_type=\u00a0\u00bbrow\u00a0\u00bb use_row_as_full_screen_section=\u00a0\u00bbno\u00a0\u00bb type=\u00a0\u00bbfull_width\u00a0\u00bb angled_section=\u00a0\u00bbno\u00a0\u00bb text_align=\u00a0\u00bbleft\u00a0\u00bb background_image_as_pattern=\u00a0\u00bbwithout_pattern\u00a0\u00bb][vc_column][vc_empty_space height=\u00a0\u00bb100px\u00a0\u00bb][\/vc_column][\/vc_row][vc_row css_animation=\u00a0\u00bb\u00a0\u00bb row_type=\u00a0\u00bbrow\u00a0\u00bb use_row_as_full_screen_section=\u00a0\u00bbno\u00a0\u00bb type=\u00a0\u00bbgrid\u00a0\u00bb angled_section=\u00a0\u00bbno\u00a0\u00bb text_align=\u00a0\u00bbleft\u00a0\u00bb background_image_as_pattern=\u00a0\u00bbwithout_pattern\u00a0\u00bb z_index=\u00a0\u00bb\u00a0\u00bb background_color=\u00a0\u00bb#f5fcf9&Prime;][vc_column css_animation=\u00a0\u00bbnone\u00a0\u00bb offset=\u00a0\u00bbvc_hidden-sm vc_hidden-xs\u00a0\u00bb][qode_elements_holder number_of_columns=\u00a0\u00bbtwo_columns\u00a0\u00bb][qode_elements_holder_item advanced_animations=\u00a0\u00bbno\u00a0\u00bb][vc_single_image image=\u00a0\u00bb15728&Prime; img_size=\u00a0\u00bbfull\u00a0\u00bb qode_css_animation=\u00a0\u00bbelement_from_right\u00a0\u00bb&#8230;<\/p>\n","protected":false},"author":1,"featured_media":0,"parent":0,"menu_order":0,"comment_status":"closed","ping_status":"closed","template":"full_width.php","meta":{"_seopress_robots_primary_cat":"","_seopress_titles_title":"%%sitetitle%% %%sep%% %%post_title%%","_seopress_titles_desc":"D\u00e9couvrez le parcours de B side Baby : Lucie - infirmi\u00e8re pu\u00e9ricultrice.","_seopress_robots_index":"","footnotes":""},"class_list":["post-25","page","type-page","status-publish","hentry"],"_links":{"self":[{"href":"https:\/\/b-sidebaby.com\/index.php\/wp-json\/wp\/v2\/pages\/25","targetHints":{"allow":["GET"]}}],"collection":[{"href":"https:\/\/b-sidebaby.com\/index.php\/wp-json\/wp\/v2\/pages"}],"about":[{"href":"https:\/\/b-sidebaby.com\/index.php\/wp-json\/wp\/v2\/types\/page"}],"author":[{"embeddable":true,"href":"https:\/\/b-sidebaby.com\/index.php\/wp-json\/wp\/v2\/users\/1"}],"replies":[{"embeddable":true,"href":"https:\/\/b-sidebaby.com\/index.php\/wp-json\/wp\/v2\/comments?post=25"}],"version-history":[{"count":9,"href":"https:\/\/b-sidebaby.com\/index.php\/wp-json\/wp\/v2\/pages\/25\/revisions"}],"predecessor-version":[{"id":16766,"href":"https:\/\/b-sidebaby.com\/index.php\/wp-json\/wp\/v2\/pages\/25\/revisions\/16766"}],"wp:attachment":[{"href":"https:\/\/b-sidebaby.com\/index.php\/wp-json\/wp\/v2\/media?parent=25"}],"curies":[{"name":"wp","href":"https:\/\/api.w.org\/{rel}","templated":true}]}}