{"id":23,"date":"2019-09-02T15:54:40","date_gmt":"2019-09-02T13:54:40","guid":{"rendered":"https:\/\/b-sidebaby.com\/?page_id=23"},"modified":"2021-05-19T09:58:58","modified_gmt":"2021-05-19T07:58:58","slug":"home","status":"publish","type":"page","link":"https:\/\/b-sidebaby.com\/","title":{"rendered":"Home"},"content":{"rendered":"<p>[vc_row css_animation=\u00a0\u00bb\u00a0\u00bb row_type=\u00a0\u00bbrow\u00a0\u00bb use_row_as_full_screen_section=\u00a0\u00bbno\u00a0\u00bb type=\u00a0\u00bbfull_width\u00a0\u00bb angled_section=\u00a0\u00bbno\u00a0\u00bb text_align=\u00a0\u00bbleft\u00a0\u00bb background_image_as_pattern=\u00a0\u00bbwithout_pattern\u00a0\u00bb el_id=\u00a0\u00bbarrow_down\u00a0\u00bb z_index=\u00a0\u00bb\u00a0\u00bb][vc_column offset=\u00a0\u00bbvc_hidden-sm vc_hidden-xs\u00a0\u00bb][vc_empty_space height=\u00a0\u00bb50px\u00a0\u00bb][\/vc_column][\/vc_row][vc_row css_animation=\u00a0\u00bb\u00a0\u00bb row_type=\u00a0\u00bbrow\u00a0\u00bb use_row_as_full_screen_section=\u00a0\u00bbyes\u00a0\u00bb type=\u00a0\u00bbgrid\u00a0\u00bb in_content_menu=\u00a0\u00bbin_content_menu\u00a0\u00bb content_menu_icon=\u00a0\u00bb\u00a0\u00bb angled_section=\u00a0\u00bbno\u00a0\u00bb text_align=\u00a0\u00bbleft\u00a0\u00bb background_image_as_pattern=\u00a0\u00bbwithout_pattern\u00a0\u00bb z_index=\u00a0\u00bb\u00a0\u00bb css=\u00a0\u00bb.vc_custom_1576150974903{padding-top: 80px !important;padding-bottom: 80px !important;background-image: url(https:\/\/b-sidebaby.com\/wp-content\/uploads\/2019\/09\/symbole_1-1.png?id=15132) !important;background-position: center !important;background-repeat: no-repeat !important;background-size: contain !important;}\u00a0\u00bb][vc_column css_animation=\u00a0\u00bbnone\u00a0\u00bb width=\u00a0\u00bb1\/2&Prime;][vc_column_text]<\/p>\n<h1 style=\"text-align: right;\">B Side Baby<\/h1>\n<p>[\/vc_column_text][vc_column_text css=\u00a0\u00bb.vc_custom_1567516866429{margin-top: -60px !important;}\u00a0\u00bb]<\/p>\n<h2 style=\"text-align: right;\">LA M\u00c9THODE<\/h2>\n<p>[\/vc_column_text][vc_row_inner row_type=\u00a0\u00bbrow\u00a0\u00bb type=\u00a0\u00bbfull_width\u00a0\u00bb text_align=\u00a0\u00bbleft\u00a0\u00bb css_animation=\u00a0\u00bb\u00a0\u00bb][vc_column_inner][vc_empty_space height=\u00a0\u00bb12px\u00a0\u00bb][\/vc_column_inner][\/vc_row_inner][vc_column_text]<\/p>\n<p style=\"text-align: right;\"><em>\u2026 C\u2019est qu\u2019il n\u2019y a pas de m\u00e9thode.<\/em><\/p>\n<p>[\/vc_column_text][vc_column_text css=\u00a0\u00bb.vc_custom_1567512592838{padding-top: 20px !important;padding-bottom: 20px !important;}\u00a0\u00bb]<\/p>\n<p style=\"text-align: right;\">B side Baby vous propose :<br \/>\n&#8211; Un accompagnement \u00e0 votre domicile.<br \/>\n&#8211; Un suivi personnalis\u00e9 adapt\u00e9 \u00e0 votre enfant et \u00e0 votre attente.<br \/>\n&#8211; Une \u00e9coute bienveillante pour un soutien sur-mesure.<br \/>\nMes comp\u00e9tences \u00e0 votre service.<\/p>\n<p style=\"text-align: right;\">Pour cela, je contacte B side Baby par t\u00e9l\u00e9phone ou par mail<\/p>\n<p>[\/vc_column_text][vc_row_inner row_type=\u00a0\u00bbrow\u00a0\u00bb type=\u00a0\u00bbfull_width\u00a0\u00bb text_align=\u00a0\u00bbright\u00a0\u00bb css_animation=\u00a0\u00bb\u00a0\u00bb][vc_column_inner css=\u00a0\u00bb.vc_custom_1576146932801{padding-top: 15px !important;padding-bottom: 25px !important;}\u00a0\u00bb]<a  itemprop=\"url\" href=\"https:\/\/b-sidebaby.com\/index.php\/contact\/\" target=\"_self\"  class=\"qbutton  right default\" style=\"\">contact<\/a>[\/vc_column_inner][\/vc_row_inner][\/vc_column][vc_column width=\u00a0\u00bb1\/2&Prime;][vc_single_image image=\u00a0\u00bb15104&Prime; img_size=\u00a0\u00bbfull\u00a0\u00bb alignment=\u00a0\u00bbright\u00a0\u00bb qode_css_animation=\u00a0\u00bbelement_from_right\u00a0\u00bb transition_delay=\u00a0\u00bb.3&Prime;][\/vc_column][\/vc_row][vc_row css_animation=\u00a0\u00bb\u00a0\u00bb row_type=\u00a0\u00bbrow\u00a0\u00bb use_row_as_full_screen_section=\u00a0\u00bbno\u00a0\u00bb type=\u00a0\u00bbfull_width\u00a0\u00bb angled_section=\u00a0\u00bbno\u00a0\u00bb text_align=\u00a0\u00bbleft\u00a0\u00bb background_image_as_pattern=\u00a0\u00bbwithout_pattern\u00a0\u00bb][vc_column][qode_elements_holder number_of_columns=\u00a0\u00bbone_column\u00a0\u00bb][qode_elements_holder_item advanced_animations=\u00a0\u00bbno\u00a0\u00bb item_padding=\u00a0\u00bb50px 0px 0px 0px\u00a0\u00bb][vc_column_text]<\/p>\n<h4 style=\"text-align: center;\">B Side Baby<\/h4>\n<p>[\/vc_column_text][vc_column_text css=\u00a0\u00bb.vc_custom_1576091537433{margin-top: -60px !important;}\u00a0\u00bb]<\/p>\n<h2 style=\"text-align: center;\">MES PRESTATIONS<\/h2>\n<p>[\/vc_column_text][\/qode_elements_holder_item][\/qode_elements_holder][\/vc_column][\/vc_row][vc_row css_animation=\u00a0\u00bb\u00a0\u00bb row_type=\u00a0\u00bbrow\u00a0\u00bb use_row_as_full_screen_section=\u00a0\u00bbno\u00a0\u00bb type=\u00a0\u00bbfull_width\u00a0\u00bb angled_section=\u00a0\u00bbno\u00a0\u00bb text_align=\u00a0\u00bbleft\u00a0\u00bb background_image_as_pattern=\u00a0\u00bbwithout_pattern\u00a0\u00bb][vc_column css=\u00a0\u00bb.vc_custom_1567517143687{margin-top: -60px !important;}\u00a0\u00bb][qode_elements_holder number_of_columns=\u00a0\u00bbone_column\u00a0\u00bb][qode_elements_holder_item advanced_animations=\u00a0\u00bbno\u00a0\u00bb item_padding=\u00a0\u00bb0px 16% 0px\u00a0\u00bb item_padding_1280_1440=\u00a0\u00bb0px 16% 0px\u00a0\u00bb item_padding_1024_1280=\u00a0\u00bb0px 16% 0px\u00a0\u00bb item_padding_768_1024=\u00a0\u00bb0px 8% 0px\u00a0\u00bb item_padding_600_768=\u00a0\u00bb0px 0% 0px\u00a0\u00bb item_padding_480_600=\u00a0\u00bb0px 0% 0px\u00a0\u00bb item_padding_480=\u00a0\u00bb0px 0% 0px\u00a0\u00bb][\/qode_elements_holder_item][\/qode_elements_holder][\/vc_column][\/vc_row][vc_row css_animation=\u00a0\u00bb\u00a0\u00bb row_type=\u00a0\u00bbrow\u00a0\u00bb use_row_as_full_screen_section=\u00a0\u00bbno\u00a0\u00bb type=\u00a0\u00bbfull_width\u00a0\u00bb angled_section=\u00a0\u00bbno\u00a0\u00bb text_align=\u00a0\u00bbleft\u00a0\u00bb background_image_as_pattern=\u00a0\u00bbwithout_pattern\u00a0\u00bb][vc_column][qode_elements_holder number_of_columns=\u00a0\u00bbone_column\u00a0\u00bb][qode_elements_holder_item advanced_animations=\u00a0\u00bbno\u00a0\u00bb][vc_column_text]<\/p>\n<p style=\"text-align: center;\"><em>Avec \u00e9coute et bienveillance, B-Side Baby vous accompagne vers le r\u00f4le le plus important de votre vie.<\/em><\/p>\n<p>[\/vc_column_text][\/qode_elements_holder_item][\/qode_elements_holder][\/vc_column][\/vc_row][vc_row css_animation=\u00a0\u00bb\u00a0\u00bb row_type=\u00a0\u00bbrow\u00a0\u00bb use_row_as_full_screen_section=\u00a0\u00bbno\u00a0\u00bb type=\u00a0\u00bbfull_width\u00a0\u00bb angled_section=\u00a0\u00bbno\u00a0\u00bb text_align=\u00a0\u00bbleft\u00a0\u00bb background_image_as_pattern=\u00a0\u00bbwithout_pattern\u00a0\u00bb][vc_column offset=\u00a0\u00bbvc_hidden-sm vc_hidden-xs\u00a0\u00bb][vc_empty_space height=\u00a0\u00bb80px\u00a0\u00bb][\/vc_column][\/vc_row][vc_row css_animation=\u00a0\u00bb\u00a0\u00bb row_type=\u00a0\u00bbrow\u00a0\u00bb use_row_as_full_screen_section=\u00a0\u00bbno\u00a0\u00bb type=\u00a0\u00bbgrid\u00a0\u00bb angled_section=\u00a0\u00bbno\u00a0\u00bb text_align=\u00a0\u00bbleft\u00a0\u00bb background_image_as_pattern=\u00a0\u00bbwithout_pattern\u00a0\u00bb z_index=\u00a0\u00bb\u00a0\u00bb][vc_column][qode_elements_holder number_of_columns=\u00a0\u00bbthree_columns\u00a0\u00bb][qode_elements_holder_item vertical_alignment=\u00a0\u00bbtop\u00a0\u00bb horizontal_alignment=\u00a0\u00bbcenter\u00a0\u00bb advanced_animations=\u00a0\u00bbno\u00a0\u00bb item_padding=\u00a0\u00bb10px 20px 10px 20px\u00a0\u00bb]<div class='q_icon_with_title tiny custom_icon_image center '><div class=\"icon_holder q_icon_animation\" style=\" transition-delay: .2ms; -webkit-transition-delay: .2ms; -moz-transition-delay: .2ms; -o-transition-delay: .2ms;\"><img decoding=\"async\" itemprop=\"image\" style=\"\" src=\"https:\/\/b-sidebaby.com\/wp-content\/uploads\/2019\/09\/picto_1.png\" alt=\"\"><\/div><div class=\"icon_text_holder\" style=\"\"><div class=\"icon_text_inner\" style=\"\"><h3 class=\"icon_title\" style=\"color: #a1e2cb;\">PR\u00c9NATAL<\/h3>[vc_separator type=\"small\" position=\"left\" color=\"#ffffff\" thickness=\"2\" width=\"20\" up=\"0\" down=\"15\"]<p style='color: #000000'><\/p><\/div><\/div><\/div>[vc_empty_space height=\u00a0\u00bb20px\u00a0\u00bb][vc_column_text]9 mois pour pr\u00e9parer l\u2019arriv\u00e9e de b\u00e9b\u00e9<\/p>\n<p>&nbsp;<\/p>\n<p>B\u00e9b\u00e9 est en route et d\u00e9j\u00e0 beaucoup de questions vous assaillent. Entre les conseils de la famille, ceux des ami(e)s et ce que vous pouvez lire un peu partout, pas \u00e9vident de faire le tri.<br \/>\n[\/vc_column_text][vc_empty_space height=\u00a0\u00bb30px\u00a0\u00bb]<a  itemprop=\"url\" href=\"https:\/\/b-sidebaby.com\/index.php\/mes-prestations\/prenatal\/\" target=\"_self\"  class=\"qbutton  default\" style=\"\">EN SAVOIR PLUS<\/a>[\/qode_elements_holder_item][qode_elements_holder_item vertical_alignment=\u00a0\u00bbtop\u00a0\u00bb horizontal_alignment=\u00a0\u00bbcenter\u00a0\u00bb advanced_animations=\u00a0\u00bbno\u00a0\u00bb item_padding=\u00a0\u00bb10px 20px 10px 20px\u00a0\u00bb]<div class='q_icon_with_title tiny custom_icon_image center '><div class=\"icon_holder q_icon_animation\" style=\" transition-delay: .5ms; -webkit-transition-delay: .5ms; -moz-transition-delay: .5ms; -o-transition-delay: .5ms;\"><img decoding=\"async\" itemprop=\"image\" style=\"\" src=\"https:\/\/b-sidebaby.com\/wp-content\/uploads\/2019\/09\/picto_2.png\" alt=\"\"><\/div><div class=\"icon_text_holder\" style=\"\"><div class=\"icon_text_inner\" style=\"\"><h3 class=\"icon_title\" style=\"color: #a1e2cb;\">POSTNATAL<\/h3>[vc_separator type=\"small\" position=\"left\" color=\"#ffffff\" thickness=\"2\" width=\"20\" up=\"0\" down=\"15\"]<p style='color: #000000'><\/p><\/div><\/div><\/div>[vc_empty_space height=\u00a0\u00bb20px\u00a0\u00bb][vc_column_text]B\u00e9b\u00e9 est (enfin\u2026) l\u00e0<\/p>\n<p>&nbsp;<\/p>\n<p>L\u2019arriv\u00e9e d\u2019un b\u00e9b\u00e9 est un vrai chamboulement dans la vie. Et malgr\u00e9 les conseils divers re\u00e7us en amont, il est r\u00e9confortant d\u2019\u00eatre guid\u00e9 afin de retrouver toute la s\u00e9r\u00e9nit\u00e9 n\u00e9cessaire dans les 1ers mois.[\/vc_column_text][vc_empty_space height=\u00a0\u00bb30px\u00a0\u00bb]<a  itemprop=\"url\" href=\"https:\/\/b-sidebaby.com\/index.php\/mes-prestations\/postnatal\/\" target=\"_self\"  class=\"qbutton  default\" style=\"\">EN SAVOIR PLUS<\/a>[\/qode_elements_holder_item][qode_elements_holder_item vertical_alignment=\u00a0\u00bbtop\u00a0\u00bb horizontal_alignment=\u00a0\u00bbcenter\u00a0\u00bb advanced_animations=\u00a0\u00bbno\u00a0\u00bb item_padding=\u00a0\u00bb10px 20px 10px 20px\u00a0\u00bb]<div class='q_icon_with_title tiny custom_icon_image center '><div class=\"icon_holder q_icon_animation\" style=\" transition-delay: .3ms; -webkit-transition-delay: .3ms; -moz-transition-delay: .3ms; -o-transition-delay: .3ms;\"><img decoding=\"async\" itemprop=\"image\" style=\"\" src=\"https:\/\/b-sidebaby.com\/wp-content\/uploads\/2019\/09\/picto_3.png\" alt=\"\"><\/div><div class=\"icon_text_holder\" style=\"\"><div class=\"icon_text_inner\" style=\"\"><h3 class=\"icon_title\" style=\"color: #a1e2cb;\">LES INSTANTS BIEN-\u00caTRE<\/h3>[vc_separator type=\"small\" position=\"left\" color=\"#ffffff\" thickness=\"2\" width=\"20\" up=\"0\" down=\"15\"]<p style='color: #000000'><\/p><\/div><\/div><\/div>[vc_empty_space height=\u00a0\u00bb20px\u00a0\u00bb][vc_column_text]<\/p>\n<p class=\"p1\">Un cadeau pour b\u00e9b\u00e9 et vous<\/p>\n<p>&nbsp;<\/p>\n<p>Les conseils que je vais pouvoir vous apporter permettent de concilier d\u00e9veloppement et bien-\u00eatre de votre enfant.<\/p>\n<p>Des liens forts se tissent d\u00e8s les premi\u00e8res semaines de b\u00e9b\u00e9.[\/vc_column_text][vc_empty_space height=\u00a0\u00bb30px\u00a0\u00bb]<a  itemprop=\"url\" href=\"https:\/\/b-sidebaby.com\/index.php\/mes-prestations\/bien-etre\/\" target=\"_self\"  class=\"qbutton  default\" style=\"\">EN SAVOIR PLUS<\/a>[\/qode_elements_holder_item][\/qode_elements_holder][\/vc_column][\/vc_row][vc_row css_animation=\u00a0\u00bb\u00a0\u00bb row_type=\u00a0\u00bbrow\u00a0\u00bb use_row_as_full_screen_section=\u00a0\u00bbno\u00a0\u00bb type=\u00a0\u00bbfull_width\u00a0\u00bb angled_section=\u00a0\u00bbno\u00a0\u00bb text_align=\u00a0\u00bbleft\u00a0\u00bb background_image_as_pattern=\u00a0\u00bbwithout_pattern\u00a0\u00bb][vc_column][vc_empty_space height=\u00a0\u00bb50px\u00a0\u00bb el_class=\u00a0\u00bbd-none\u00a0\u00bb][\/vc_column][\/vc_row][vc_row css_animation=\u00a0\u00bb\u00a0\u00bb row_type=\u00a0\u00bbrow\u00a0\u00bb use_row_as_full_screen_section=\u00a0\u00bbno\u00a0\u00bb type=\u00a0\u00bbfull_width\u00a0\u00bb angled_section=\u00a0\u00bbno\u00a0\u00bb text_align=\u00a0\u00bbleft\u00a0\u00bb background_image_as_pattern=\u00a0\u00bbwithout_pattern\u00a0\u00bb][vc_column][qode_elements_holder number_of_columns=\u00a0\u00bbone_column\u00a0\u00bb][qode_elements_holder_item advanced_animations=\u00a0\u00bbno\u00a0\u00bb item_padding=\u00a0\u00bb50px 0px 0px 0px\u00a0\u00bb][vc_column_text]<\/p>\n<h4 style=\"text-align: center;\">Nouveaut\u00e9<\/h4>\n<p>[\/vc_column_text][vc_column_text css=\u00a0\u00bb.vc_custom_1620374890654{margin-top: -60px !important;}\u00a0\u00bb]<\/p>\n<h2 style=\"text-align: center;\">Le bain de saison<\/h2>\n<p>[\/vc_column_text][vc_empty_space height=\u00a0\u00bb50px\u00a0\u00bb][\/qode_elements_holder_item][\/qode_elements_holder][vc_row_inner row_type=\u00a0\u00bbrow\u00a0\u00bb type=\u00a0\u00bbgrid\u00a0\u00bb text_align=\u00a0\u00bbleft\u00a0\u00bb css_animation=\u00a0\u00bb\u00a0\u00bb][vc_column_inner width=\u00a0\u00bb1\/2&Prime;]<div class=\"qode_video_box\">\n\t<a itemprop=\"image\" class=\"qode_video_image\" href=\"https:\/\/vimeo.com\/531887044\" data-rel=\"prettyPhoto\">\n\t\t\t\n\t\t\t<img decoding=\"async\" src=\"https:\/\/b-sidebaby.com\/wp-content\/uploads\/2021\/05\/video.png\" \/>\n\t\t\t<span class=\"qode_video_box_button_holder\">\n\t\t\t\t<span class=\"qode_video_box_button\">\n\t\t\t\t\t<span class=\"qode_video_box_button_arrow\">\n\t\t\t\t\t<\/span>\n\t\t\t\t<\/span>\n\t\t\t<\/span>\n\t\t\t<\/a>\n<\/div>[\/vc_column_inner][vc_column_inner el_class=\u00a0\u00bbzindex\u00a0\u00bb width=\u00a0\u00bb1\/2&Prime;][vc_raw_html]JTNDZGl2JTIwY2xhc3MlM0QlMjJib3JkZXJfb3V0ZXIlMjB0cmFuc2xhdGVfYm94JTIyJTNFJTBBJTNDZGl2JTIwY2xhc3MlM0QlMjJib3hfYmtnX3doaXRlJTIyJTNFJTBBJTNDaDMlMjBjbGFzcyUzRCUyMnBhZGRfYm90XzIwJTIyJTNFVU4lMjBDQURFQVUlMjBERSUyMEJJRU5WRU5VRSUzQyUyRmgzJTNFJTBBJTNDcCUyMGNsYXNzJTNEJTIycGFkZF9ib3RfMjAlMjIlM0VPZmZyaXIlMjB1biUyMGJhaW4lMjBkZSUyMGRvdWNldXIlMjBldCUyMGRlJTIwcG8lQzMlQTlzaWUlMjBnciVDMyVBMmNlJTIwYXUlMjBCYWluJTIwZGUlMjBTYWlzb24lMjBkZSUyMEIlMjBzaWRlJTIwQmFieSUyMGV0JTIwZCVDMyVBOWNvdXZyZXolMjBsZXMlMjBkb3VjZXMlMjBub3RlcyUyMGRlJTIwY2UlMjBiYWluJTIwZCVFMiU4MCU5OWF2b2luZSUyMGV0JTIwZGUlMjBmbGV1cnMlMjBzJUMzJUE5Y2glQzMlQTllcy4lM0MlMkZwJTNFJTBBJTNDYSUyMGl0ZW1wcm9wJTNEJTIydXJsJTIyJTIwaHJlZiUzRCUyMmh0dHBzJTNBJTJGJTJGYi1zaWRlYmFieS5jb20lMkZpbmRleC5waHAlMkZtZXMtcHJlc3RhdGlvbnMlMkZsZXMtYmFpbnMlMkYlMjIlMjB0YXJnZXQlM0QlMjJfc2VsZiUyMiUyMGNsYXNzJTNEJTIycWJ1dHRvbiUyMCUyMGRlZmF1bHQlMjIlMjBzdHlsZSUzRCUyMiUyMiUzRUQlQzMlQTljb3V2cmlyJTNDJTJGYSUzRSUwQSUzQyUyRmRpdiUzRSUwQSUzQyUyRmRpdiUzRQ==[\/vc_raw_html][\/vc_column_inner][\/vc_row_inner][vc_row_inner row_type=\u00a0\u00bbrow\u00a0\u00bb type=\u00a0\u00bbfull_width\u00a0\u00bb text_align=\u00a0\u00bbleft\u00a0\u00bb css_animation=\u00a0\u00bb\u00a0\u00bb][vc_column_inner][vc_empty_space height=\u00a0\u00bb100px\u00a0\u00bb][\/vc_column_inner][\/vc_row_inner][\/vc_column][\/vc_row][vc_row css_animation=\u00a0\u00bb\u00a0\u00bb row_type=\u00a0\u00bbrow\u00a0\u00bb use_row_as_full_screen_section=\u00a0\u00bbno\u00a0\u00bb type=\u00a0\u00bbfull_width\u00a0\u00bb angled_section=\u00a0\u00bbno\u00a0\u00bb text_align=\u00a0\u00bbleft\u00a0\u00bb background_image_as_pattern=\u00a0\u00bbwithout_pattern\u00a0\u00bb z_index=\u00a0\u00bb\u00a0\u00bb background_color=\u00a0\u00bb#f5fcf9&Prime;][vc_column][vc_column_text]<\/p>\n<h4 style=\"text-align: center;\">Suivez-moi<\/h4>\n<p>[\/vc_column_text][vc_column_text css=\u00a0\u00bb.vc_custom_1568036397632{margin-top: -60px !important;}\u00a0\u00bb]<\/p>\n<h2 style=\"text-align: center;\">@b.sidebaby<\/h2>\n<p>[\/vc_column_text][vc_empty_space][\/vc_column][\/vc_row][vc_row css_animation=\u00a0\u00bb\u00a0\u00bb row_type=\u00a0\u00bbrow\u00a0\u00bb use_row_as_full_screen_section=\u00a0\u00bbno\u00a0\u00bb type=\u00a0\u00bbfull_width\u00a0\u00bb angled_section=\u00a0\u00bbno\u00a0\u00bb text_align=\u00a0\u00bbleft\u00a0\u00bb background_image_as_pattern=\u00a0\u00bbwithout_pattern\u00a0\u00bb z_index=\u00a0\u00bb\u00a0\u00bb background_color=\u00a0\u00bb#f5fcf9&Prime;][vc_column][qode_elements_holder number_of_columns=\u00a0\u00bbone_column\u00a0\u00bb][qode_elements_holder_item advanced_animations=\u00a0\u00bbno\u00a0\u00bb][vc_widget_sidebar sidebar_id=\u00a0\u00bbInstagram\u00a0\u00bb][\/qode_elements_holder_item][\/qode_elements_holder][\/vc_column][\/vc_row]<\/p>\n","protected":false},"excerpt":{"rendered":"<p>[vc_row css_animation=\u00a0\u00bb\u00a0\u00bb row_type=\u00a0\u00bbrow\u00a0\u00bb use_row_as_full_screen_section=\u00a0\u00bbno\u00a0\u00bb type=\u00a0\u00bbfull_width\u00a0\u00bb angled_section=\u00a0\u00bbno\u00a0\u00bb text_align=\u00a0\u00bbleft\u00a0\u00bb background_image_as_pattern=\u00a0\u00bbwithout_pattern\u00a0\u00bb el_id=\u00a0\u00bbarrow_down\u00a0\u00bb z_index=\u00a0\u00bb\u00a0\u00bb][vc_column offset=\u00a0\u00bbvc_hidden-sm vc_hidden-xs\u00a0\u00bb][vc_empty_space height=\u00a0\u00bb50px\u00a0\u00bb][\/vc_column][\/vc_row][vc_row css_animation=\u00a0\u00bb\u00a0\u00bb row_type=\u00a0\u00bbrow\u00a0\u00bb use_row_as_full_screen_section=\u00a0\u00bbyes\u00a0\u00bb type=\u00a0\u00bbgrid\u00a0\u00bb in_content_menu=\u00a0\u00bbin_content_menu\u00a0\u00bb content_menu_icon=\u00a0\u00bb\u00a0\u00bb angled_section=\u00a0\u00bbno\u00a0\u00bb text_align=\u00a0\u00bbleft\u00a0\u00bb background_image_as_pattern=\u00a0\u00bbwithout_pattern\u00a0\u00bb z_index=\u00a0\u00bb\u00a0\u00bb css=\u00a0\u00bb.vc_custom_1576150974903{padding-top: 80px !important;padding-bottom: 80px !important;background-image: url(https:\/\/b-sidebaby.com\/wp-content\/uploads\/2019\/09\/symbole_1-1.png?id=15132) !important;background-position: center !important;background-repeat: no-repeat !important;background-size: contain !important;}\u00a0\u00bb][vc_column css_animation=\u00a0\u00bbnone\u00a0\u00bb width=\u00a0\u00bb1\/2&Prime;][vc_column_text] B Side Baby [\/vc_column_text][vc_column_text css=\u00a0\u00bb.vc_custom_1567516866429{margin-top: -60px !important;}\u00a0\u00bb]&#8230;<\/p>\n","protected":false},"author":1,"featured_media":0,"parent":0,"menu_order":0,"comment_status":"closed","ping_status":"closed","template":"full_width.php","meta":{"_seopress_robots_primary_cat":"","_seopress_titles_title":"%%sitetitle%% %%sep%% %%tagline%%","_seopress_titles_desc":"Un accompagnement pr\u00e9 et postnatal et des prestations bien-\u00eatre adapt\u00e9es \u00e0 votre b\u00e9b\u00e9 et \u00e0 vos attentes. Une \u00e9coute bienveillante pour un soutien sur-mesure.","_seopress_robots_index":"","footnotes":""},"class_list":["post-23","page","type-page","status-publish","hentry"],"_links":{"self":[{"href":"https:\/\/b-sidebaby.com\/index.php\/wp-json\/wp\/v2\/pages\/23","targetHints":{"allow":["GET"]}}],"collection":[{"href":"https:\/\/b-sidebaby.com\/index.php\/wp-json\/wp\/v2\/pages"}],"about":[{"href":"https:\/\/b-sidebaby.com\/index.php\/wp-json\/wp\/v2\/types\/page"}],"author":[{"embeddable":true,"href":"https:\/\/b-sidebaby.com\/index.php\/wp-json\/wp\/v2\/users\/1"}],"replies":[{"embeddable":true,"href":"https:\/\/b-sidebaby.com\/index.php\/wp-json\/wp\/v2\/comments?post=23"}],"version-history":[{"count":20,"href":"https:\/\/b-sidebaby.com\/index.php\/wp-json\/wp\/v2\/pages\/23\/revisions"}],"predecessor-version":[{"id":16696,"href":"https:\/\/b-sidebaby.com\/index.php\/wp-json\/wp\/v2\/pages\/23\/revisions\/16696"}],"wp:attachment":[{"href":"https:\/\/b-sidebaby.com\/index.php\/wp-json\/wp\/v2\/media?parent=23"}],"curies":[{"name":"wp","href":"https:\/\/api.w.org\/{rel}","templated":true}]}}