{"id":16756,"date":"2023-09-14T09:08:04","date_gmt":"2023-09-14T07:08:04","guid":{"rendered":"https:\/\/b-sidebaby.com\/?page_id=16756"},"modified":"2023-09-22T10:29:39","modified_gmt":"2023-09-22T08:29:39","slug":"la-baby-consult","status":"publish","type":"page","link":"https:\/\/b-sidebaby.com\/index.php\/mes-prestations\/la-baby-consult\/","title":{"rendered":"La baby consult"},"content":{"rendered":"<p>[vc_row css_animation=\u00a0\u00bb\u00a0\u00bb row_type=\u00a0\u00bbrow\u00a0\u00bb use_row_as_full_screen_section=\u00a0\u00bbyes\u00a0\u00bb type=\u00a0\u00bbfull_width\u00a0\u00bb angled_section=\u00a0\u00bbno\u00a0\u00bb text_align=\u00a0\u00bbcenter\u00a0\u00bb background_image_as_pattern=\u00a0\u00bbwithout_pattern\u00a0\u00bb z_index=\u00a0\u00bb\u00a0\u00bb el_class=\u00a0\u00bbheader_bc\u00a0\u00bb][vc_column][vc_row_inner row_type=\u00a0\u00bbrow\u00a0\u00bb type=\u00a0\u00bbfull_width\u00a0\u00bb text_align=\u00a0\u00bbleft\u00a0\u00bb css_animation=\u00a0\u00bb\u00a0\u00bb][vc_column_inner offset=\u00a0\u00bbvc_hidden-sm vc_hidden-xs\u00a0\u00bb css=\u00a0\u00bb.vc_custom_1695371040909{margin-right: 0px !important;margin-left: 0px !important;padding-right: 0px !important;padding-left: 0px !important;}\u00a0\u00bb][vc_single_image image=\u00a0\u00bb16788&Prime; img_size=\u00a0\u00bbfull\u00a0\u00bb alignment=\u00a0\u00bbcenter\u00a0\u00bb qode_css_animation=\u00a0\u00bb\u00a0\u00bb css=\u00a0\u00bb.vc_custom_1695371115062{margin-right: 0px !important;margin-left: 0px !important;padding-right: 0px !important;padding-left: 0px !important;}\u00a0\u00bb][\/vc_column_inner][\/vc_row_inner][\/vc_column][\/vc_row][vc_row css_animation=\u00a0\u00bb\u00a0\u00bb row_type=\u00a0\u00bbrow\u00a0\u00bb use_row_as_full_screen_section=\u00a0\u00bbno\u00a0\u00bb type=\u00a0\u00bbfull_width\u00a0\u00bb angled_section=\u00a0\u00bbno\u00a0\u00bb text_align=\u00a0\u00bbleft\u00a0\u00bb background_image_as_pattern=\u00a0\u00bbwithout_pattern\u00a0\u00bb z_index=\u00a0\u00bb\u00a0\u00bb el_class=\u00a0\u00bbimg_header\u00a0\u00bb][vc_column offset=\u00a0\u00bbvc_hidden-lg vc_hidden-md\u00a0\u00bb][vc_single_image image=\u00a0\u00bb16788&Prime; img_size=\u00a0\u00bbfull\u00a0\u00bb alignment=\u00a0\u00bbcenter\u00a0\u00bb qode_css_animation=\u00a0\u00bb\u00a0\u00bb][\/vc_column][\/vc_row][vc_row css_animation=\u00a0\u00bb\u00a0\u00bb row_type=\u00a0\u00bbrow\u00a0\u00bb use_row_as_full_screen_section=\u00a0\u00bbyes\u00a0\u00bb type=\u00a0\u00bbfull_width\u00a0\u00bb angled_section=\u00a0\u00bbno\u00a0\u00bb text_align=\u00a0\u00bbleft\u00a0\u00bb background_image_as_pattern=\u00a0\u00bbwithout_pattern\u00a0\u00bb z_index=\u00a0\u00bb\u00a0\u00bb][vc_column][qode_elements_holder number_of_columns=\u00a0\u00bbone_column\u00a0\u00bb][qode_elements_holder_item advanced_animations=\u00a0\u00bbno\u00a0\u00bb][vc_empty_space height=\u00a0\u00bb30px\u00a0\u00bb]<div class='q_icon_with_title tiny custom_icon_image center '><div class=\"icon_holder q_icon_animation\" style=\" transition-delay: .5ms; -webkit-transition-delay: .5ms; -moz-transition-delay: .5ms; -o-transition-delay: .5ms;\"><img decoding=\"async\" itemprop=\"image\" style=\"\" src=\"https:\/\/b-sidebaby.com\/wp-content\/uploads\/2023\/09\/Picto-baby-consult-1.png\" alt=\"\"><\/div><div class=\"icon_text_holder\" style=\"\"><div class=\"icon_text_inner\" style=\"\"><h1 class=\"icon_title\" style=\"\">LA BABY CONSULT<\/h1><p style='color: #000000'><\/p><\/div><\/div><\/div>[\/qode_elements_holder_item][\/qode_elements_holder][\/vc_column][\/vc_row][vc_row css_animation=\u00a0\u00bb\u00a0\u00bb row_type=\u00a0\u00bbrow\u00a0\u00bb use_row_as_full_screen_section=\u00a0\u00bbno\u00a0\u00bb type=\u00a0\u00bbfull_width\u00a0\u00bb angled_section=\u00a0\u00bbno\u00a0\u00bb text_align=\u00a0\u00bbleft\u00a0\u00bb background_image_as_pattern=\u00a0\u00bbwithout_pattern\u00a0\u00bb z_index=\u00a0\u00bb\u00a0\u00bb][vc_column width=\u00a0\u00bb1\/6&Prime;][\/vc_column][vc_column width=\u00a0\u00bb2\/3&Prime;][vc_column_text]<\/p>\n<p class=\"p1\" style=\"text-align: center;\"><span class=\"s1\">Un espace d\u2019\u00e9change avec une professionnelle de la p\u00e9rinatalit\u00e9 pour <\/span><\/p>\n<p class=\"p1\" style=\"text-align: center;\"><span class=\"s1\">\u00e9couter, rassurer et accueillir vos \u00e9motions.<br \/>\nEn compl\u00e9ment du suivi de votre p\u00e9diatre, B side Baby vous propose avec la baby consult une offre de soins physiologiques et des solutions adapt\u00e9es \u00e0 mettre en place dans votre quotidien pour permettre de soulager les maux autour du transit de votre b\u00e9b\u00e9.<\/span><\/p>\n<p>[\/vc_column_text][\/vc_column][vc_column width=\u00a0\u00bb1\/6&Prime;][\/vc_column][\/vc_row][vc_row css_animation=\u00a0\u00bb\u00a0\u00bb row_type=\u00a0\u00bbrow\u00a0\u00bb use_row_as_full_screen_section=\u00a0\u00bbno\u00a0\u00bb type=\u00a0\u00bbfull_width\u00a0\u00bb angled_section=\u00a0\u00bbno\u00a0\u00bb text_align=\u00a0\u00bbleft\u00a0\u00bb background_image_as_pattern=\u00a0\u00bbwithout_pattern\u00a0\u00bb][vc_column][vc_row_inner row_type=\u00a0\u00bbrow\u00a0\u00bb type=\u00a0\u00bbfull_width\u00a0\u00bb text_align=\u00a0\u00bbleft\u00a0\u00bb css_animation=\u00a0\u00bb\u00a0\u00bb][vc_column_inner offset=\u00a0\u00bbvc_hidden-lg vc_hidden-md\u00a0\u00bb][vc_empty_space][vc_column_text]<\/p>\n<h2 class=\"titleh2\" style=\"text-align: center;\">Le reflux gastro-\u0153sophagien ou RGO<\/h2>\n<p>[\/vc_column_text][vc_column_text]<\/p>\n<p class=\"p1\" style=\"text-align: center;\"><span class=\"s1\">Le RGO peut \u00eatre une vraie souffrance pour vous et votre b\u00e9b\u00e9.<\/span><\/p>\n<p class=\"p1\" style=\"text-align: center;\"><span class=\"s1\">Aujourd\u2019hui, c\u2019est un motif fr\u00e9quent de consultation et il touche de plus en plus de nourrissons. <\/span><\/p>\n<p class=\"p1\" style=\"text-align: center;\"><span class=\"s1\">Qu\u2019il soit d\u2019origine physiologique ou pathologique, il est tr\u00e8s r\u00e9guli\u00e8rement source d\u2019inconfort chez votre enfant. <\/span><\/p>\n<p class=\"p1\" style=\"text-align: center;\"><span class=\"s1\">Des solutions existes pour permettre de limiter ce m\u00e9canisme de reflux et soulager votre b\u00e9b\u00e9.<\/span><\/p>\n<p>[\/vc_column_text][vc_empty_space][vc_column_text]<\/p>\n<h2 class=\"titleh2\" style=\"text-align: center;\">Les coliques du nourrisson<\/h2>\n<p>[\/vc_column_text][vc_column_text]<\/p>\n<p class=\"p1\" style=\"text-align: center;\"><span class=\"s1\">Les coliques du b\u00e9b\u00e9 font r\u00e9f\u00e9rence \u00e0 des p\u00e9riodes de pleurs intenses et prolong\u00e9s, une agitation et un inconfort chez les nourrissons d\u00e8s les premi\u00e8res semaines de vie et peuvent durer les premiers mois.<\/span><\/p>\n<p class=\"p1\" style=\"text-align: center;\"><span class=\"s1\">Source de stress pour les parents, les b\u00e9b\u00e9s souffrant de coliques sont difficiles \u00e0 calmer et les crises de coliques sont souvent synonymes de difficult\u00e9 pendant la prise alimentaire, d\u2019inconfort apr\u00e8s les repas et de sommeil perturb\u00e9.<\/span><\/p>\n<p>[\/vc_column_text][vc_empty_space][vc_column_text]<\/p>\n<h2 class=\"titleh2\" style=\"text-align: center;\">La constipation<\/h2>\n<p>[\/vc_column_text][vc_column_text]<\/p>\n<p class=\"p1\" style=\"text-align: center;\"><span class=\"s1\">La constipation chez les b\u00e9b\u00e9s inqui\u00e8te souvent les parents et cela est tout \u00e0 fait normal. Lorsque votre b\u00e9b\u00e9 ou votre jeune enfant est constip\u00e9, un examen clinique avec votre m\u00e9decin est n\u00e9cessaire afin de faire le point avec lui sur la situation. <span class=\"Apple-converted-space\">\u00a0 \u00a0<\/span><\/span><\/p>\n<p class=\"p1\" style=\"text-align: center;\"><span class=\"s1\">On peut parler de constipation lorsque votre b\u00e9b\u00e9 \u00e9met des selles dont la<span class=\"Apple-converted-space\">\u00a0 <\/span>consistance est dure et \u00e0 partir de 2 \u00e0 3 jours sans selles. Elles sont souvent accompagn\u00e9es de ballonnements, de difficult\u00e9s \u00e0 \u00e9vacuer les gaz et de douleurs li\u00e9es \u00e0 l\u2019\u00e9vacuation des selles.<\/span><\/p>\n<p>[\/vc_column_text][vc_empty_space height=\u00a0\u00bb40px\u00a0\u00bb][vc_column_text]<\/p>\n<p class=\"border_tarif\" style=\"text-align: center;\"><strong> Tarif : 50 euros <\/strong><\/p>\n<p>[\/vc_column_text][\/vc_column_inner][\/vc_row_inner][vc_empty_space height=\u00a0\u00bb50px\u00a0\u00bb][\/vc_column][\/vc_row][vc_row css_animation=\u00a0\u00bb\u00a0\u00bb row_type=\u00a0\u00bbrow\u00a0\u00bb use_row_as_full_screen_section=\u00a0\u00bbyes\u00a0\u00bb type=\u00a0\u00bbgrid\u00a0\u00bb header_style=\u00a0\u00bbdark\u00a0\u00bb in_content_menu=\u00a0\u00bbin_content_menu\u00a0\u00bb content_menu_icon=\u00a0\u00bb\u00a0\u00bb angled_section=\u00a0\u00bbno\u00a0\u00bb text_align=\u00a0\u00bbleft\u00a0\u00bb background_image_as_pattern=\u00a0\u00bbwith_pattern\u00a0\u00bb z_index=\u00a0\u00bb\u00a0\u00bb css=\u00a0\u00bb.vc_custom_1695368917139{background-position: center !important;background-repeat: no-repeat !important;background-size: contain !important;}\u00a0\u00bb][vc_column css_animation=\u00a0\u00bbnone\u00a0\u00bb width=\u00a0\u00bb1\/2&Prime; css=\u00a0\u00bb.vc_custom_1695369383200{padding-left: 50px !important;}\u00a0\u00bb offset=\u00a0\u00bbvc_hidden-sm vc_hidden-xs\u00a0\u00bb][vc_empty_space height=\u00a0\u00bb100px\u00a0\u00bb][vc_single_image image=\u00a0\u00bb16760&Prime; img_size=\u00a0\u00bbfull\u00a0\u00bb alignment=\u00a0\u00bbcenter\u00a0\u00bb qode_css_animation=\u00a0\u00bbelement_from_right\u00a0\u00bb transition_delay=\u00a0\u00bb.5&Prime;][\/vc_column][vc_column parallax=\u00a0\u00bbcontent-moving-fade\u00a0\u00bb parallax_speed_bg=\u00a0\u00bb1&Prime; width=\u00a0\u00bb1\/2&Prime; offset=\u00a0\u00bbvc_hidden-sm vc_hidden-xs\u00a0\u00bb][vc_column_text css=\u00a0\u00bb.vc_custom_1694675192743{padding-bottom: 10px !important;}\u00a0\u00bb]<\/p>\n<h2 class=\"titleh2\" style=\"text-align: right;\">Le reflux gastro-\u0153sophagien ou RGO<\/h2>\n<p>[\/vc_column_text][vc_column_text]<\/p>\n<p class=\"p1\" style=\"text-align: right;\"><span class=\"s1\">Le RGO peut \u00eatre une vraie souffrance pour vous et votre b\u00e9b\u00e9.<\/span><\/p>\n<p class=\"p1\" style=\"text-align: right;\"><span class=\"s1\">Aujourd\u2019hui, c\u2019est un motif fr\u00e9quent de consultation et il touche de plus en plus de nourrissons. <\/span><\/p>\n<p class=\"p1\" style=\"text-align: right;\"><span class=\"s1\">Qu\u2019il soit d\u2019origine physiologique ou pathologique, il est tr\u00e8s r\u00e9guli\u00e8rement source d\u2019inconfort chez votre enfant. <\/span><\/p>\n<p class=\"p1\" style=\"text-align: right;\"><span class=\"s1\">Des solutions existes pour permettre de limiter ce m\u00e9canisme de reflux et soulager votre b\u00e9b\u00e9.<\/span><\/p>\n<p>[\/vc_column_text][vc_empty_space height=\u00a0\u00bb40px\u00a0\u00bb][vc_column_text css=\u00a0\u00bb.vc_custom_1694675222334{padding-bottom: 10px !important;}\u00a0\u00bb]<\/p>\n<h2 class=\"titleh2\" style=\"text-align: right;\">Les coliques du nourrisson<\/h2>\n<p>[\/vc_column_text][vc_column_text]<\/p>\n<p class=\"p1\" style=\"text-align: right;\"><span class=\"s1\">Les coliques du b\u00e9b\u00e9 font r\u00e9f\u00e9rence \u00e0 des p\u00e9riodes de pleurs intenses et prolong\u00e9s, une agitation et un inconfort chez les nourrissons d\u00e8s les premi\u00e8res semaines de vie et peuvent durer les premiers mois.<\/span><\/p>\n<p class=\"p1\" style=\"text-align: right;\"><span class=\"s1\">Source de stress pour les parents, les b\u00e9b\u00e9s souffrant de coliques sont difficiles \u00e0 calmer et les crises de coliques sont souvent synonymes de difficult\u00e9 pendant la prise alimentaire, d\u2019inconfort apr\u00e8s les repas et de sommeil perturb\u00e9.<\/span><\/p>\n<p>[\/vc_column_text][vc_empty_space height=\u00a0\u00bb40px\u00a0\u00bb][vc_column_text css=\u00a0\u00bb.vc_custom_1694675245376{padding-bottom: 10px !important;}\u00a0\u00bb]<\/p>\n<h2 class=\"titleh2\" style=\"text-align: right;\">La constipation<\/h2>\n<p>[\/vc_column_text][vc_column_text]<\/p>\n<p class=\"p1\" style=\"text-align: right;\"><span class=\"s1\">La constipation chez les b\u00e9b\u00e9s inqui\u00e8te souvent les parents et cela est tout \u00e0 fait normal. Lorsque votre b\u00e9b\u00e9 ou votre jeune enfant est constip\u00e9, un examen clinique avec votre m\u00e9decin est n\u00e9cessaire afin de faire le point avec lui sur la situation. <span class=\"Apple-converted-space\">\u00a0 \u00a0<\/span><\/span><\/p>\n<p class=\"p1\" style=\"text-align: right;\"><span class=\"s1\">On peut parler de constipation lorsque votre b\u00e9b\u00e9 \u00e9met des selles dont la<span class=\"Apple-converted-space\">\u00a0 <\/span>consistance est dure et \u00e0 partir de 2 \u00e0 3 jours sans selles. Elles sont souvent accompagn\u00e9es de ballonnements, de difficult\u00e9s \u00e0 \u00e9vacuer les gaz et de douleurs li\u00e9es \u00e0 l\u2019\u00e9vacuation des selles.<\/span><\/p>\n<p>[\/vc_column_text][vc_empty_space height=\u00a0\u00bb40px\u00a0\u00bb][\/vc_column][\/vc_row][vc_row css_animation=\u00a0\u00bb\u00a0\u00bb row_type=\u00a0\u00bbrow\u00a0\u00bb use_row_as_full_screen_section=\u00a0\u00bbno\u00a0\u00bb type=\u00a0\u00bbgrid\u00a0\u00bb angled_section=\u00a0\u00bbno\u00a0\u00bb text_align=\u00a0\u00bbleft\u00a0\u00bb background_image_as_pattern=\u00a0\u00bbwithout_pattern\u00a0\u00bb z_index=\u00a0\u00bb\u00a0\u00bb][vc_column offset=\u00a0\u00bbvc_hidden-sm vc_hidden-xs\u00a0\u00bb][vc_empty_space height=\u00a0\u00bb50px\u00a0\u00bb][vc_column_text css=\u00a0\u00bb.vc_custom_1695370314635{margin-right: 50px !important;margin-left: 50px !important;}\u00a0\u00bb]<\/p>\n<p class=\"p1\" style=\"text-align: center;\"><span class=\"s1\"><i>Quelques soit vos interrogations, des solutions simples \u00e0 mettre en place au quotidien suffisent souvent \u00e0 am\u00e9liorer le confort et le transit de votre b\u00e9b\u00e9. N\u2019h\u00e9sitez pas me contacter pour \u00e9changer \u00e0 ce sujet.<\/i><\/span><\/p>\n<p>[\/vc_column_text][vc_empty_space height=\u00a0\u00bb40px\u00a0\u00bb][vc_column_text]<\/p>\n<p class=\"border_tarif\" style=\"text-align: center;\"><strong> Tarif : 50 euros<\/strong><\/p>\n<p>[\/vc_column_text][\/vc_column][\/vc_row][vc_row css_animation=\u00a0\u00bb\u00a0\u00bb row_type=\u00a0\u00bbrow\u00a0\u00bb use_row_as_full_screen_section=\u00a0\u00bbno\u00a0\u00bb type=\u00a0\u00bbgrid\u00a0\u00bb angled_section=\u00a0\u00bbno\u00a0\u00bb text_align=\u00a0\u00bbleft\u00a0\u00bb background_image_as_pattern=\u00a0\u00bbwithout_pattern\u00a0\u00bb z_index=\u00a0\u00bb\u00a0\u00bb][vc_column][vc_empty_space height=\u00a0\u00bb30px\u00a0\u00bb][vc_column_text css=\u00a0\u00bb.vc_custom_1694675390308{padding-top: 10px !important;padding-right: 50px !important;padding-bottom: 10px !important;padding-left: 50px !important;background-color: #fdece4 !important;}\u00a0\u00bb]<\/p>\n<p class=\"p1\" style=\"text-align: center;\"><span class=\"s1\">* Les tarifs des prestations indiqu\u00e9es sont \u00e0 domicile. Au del\u00e0 des frais suppl\u00e9mentaires (forfait d\u00e9placement) peuvent s\u2019ajouter en fonction de la localisation de votre domicile.<\/span><\/p>\n<p>[\/vc_column_text][vc_empty_space height=\u00a0\u00bb30px\u00a0\u00bb][\/vc_column][\/vc_row][vc_row css_animation=\u00a0\u00bb\u00a0\u00bb row_type=\u00a0\u00bbrow\u00a0\u00bb use_row_as_full_screen_section=\u00a0\u00bbno\u00a0\u00bb type=\u00a0\u00bbfull_width\u00a0\u00bb angled_section=\u00a0\u00bbno\u00a0\u00bb text_align=\u00a0\u00bbcenter\u00a0\u00bb background_image_as_pattern=\u00a0\u00bbwithout_pattern\u00a0\u00bb z_index=\u00a0\u00bb\u00a0\u00bb][vc_column]<div class=\"qode-cta-section qode-cta-appear-effect\">\n\t<img decoding=\"async\" src=\"https:\/\/b-sidebaby.com\/wp-content\/uploads\/2019\/09\/footer_contact@2x.jpg\" alt=\"call to action image\"\/>\n\t<div class=\"qode-cta-section-text-wrapper\">\n\t\t<div class=\"qode-cta-section-text-wrapper-inner\" >\n\t\t\t\t\t\tShortcode doesn&#039;t exist\t\t\t\t\t\t\n\n\t<a href=\"https:\/\/b-sidebaby.com\/index.php\/contact\/\" target=\"_self\"  class=\"qode-btn qode-btn-medium qode-btn-solid qode-btn-icon qode-btn-with-shadow qode-btn-shadow-hover\"  >\n\t    <span class=\"qode-btn-text\">CONTACT<\/span><span class=\"qode-button-v2-icon-holder qode-type1-gradient-bottom-to-top-text\"><span aria-hidden=\"true\" class=\"qode_icon_font_elegant arrow_carrot-right qode-button-v2-icon-holder-inner\" ><\/span><\/span>\t<\/a>\n\n\t\t<\/div>\n\t<\/div>\n<\/div>[\/vc_column][\/vc_row]<\/p>\n","protected":false},"excerpt":{"rendered":"<p>[vc_row css_animation=\u00a0\u00bb\u00a0\u00bb row_type=\u00a0\u00bbrow\u00a0\u00bb use_row_as_full_screen_section=\u00a0\u00bbyes\u00a0\u00bb type=\u00a0\u00bbfull_width\u00a0\u00bb angled_section=\u00a0\u00bbno\u00a0\u00bb text_align=\u00a0\u00bbcenter\u00a0\u00bb background_image_as_pattern=\u00a0\u00bbwithout_pattern\u00a0\u00bb z_index=\u00a0\u00bb\u00a0\u00bb el_class=\u00a0\u00bbheader_bc\u00a0\u00bb][vc_column][vc_row_inner row_type=\u00a0\u00bbrow\u00a0\u00bb type=\u00a0\u00bbfull_width\u00a0\u00bb text_align=\u00a0\u00bbleft\u00a0\u00bb css_animation=\u00a0\u00bb\u00a0\u00bb][vc_column_inner offset=\u00a0\u00bbvc_hidden-sm vc_hidden-xs\u00a0\u00bb css=\u00a0\u00bb.vc_custom_1695371040909{margin-right: 0px !important;margin-left: 0px !important;padding-right: 0px !important;padding-left: 0px !important;}\u00a0\u00bb][vc_single_image image=\u00a0\u00bb16788&Prime; img_size=\u00a0\u00bbfull\u00a0\u00bb alignment=\u00a0\u00bbcenter\u00a0\u00bb qode_css_animation=\u00a0\u00bb\u00a0\u00bb css=\u00a0\u00bb.vc_custom_1695371115062{margin-right: 0px !important;margin-left: 0px !important;padding-right: 0px !important;padding-left: 0px !important;}\u00a0\u00bb][\/vc_column_inner][\/vc_row_inner][\/vc_column][\/vc_row][vc_row css_animation=\u00a0\u00bb\u00a0\u00bb row_type=\u00a0\u00bbrow\u00a0\u00bb use_row_as_full_screen_section=\u00a0\u00bbno\u00a0\u00bb type=\u00a0\u00bbfull_width\u00a0\u00bb angled_section=\u00a0\u00bbno\u00a0\u00bb text_align=\u00a0\u00bbleft\u00a0\u00bb background_image_as_pattern=\u00a0\u00bbwithout_pattern\u00a0\u00bb&#8230;<\/p>\n","protected":false},"author":1,"featured_media":0,"parent":27,"menu_order":0,"comment_status":"closed","ping_status":"closed","template":"full_width.php","meta":{"_seopress_robots_primary_cat":"","_seopress_titles_title":"%%sitetitle%% %%sep%% %%post_title%% Massage b\u00e9b\u00e9 et portage","_seopress_titles_desc":"B side Baby vous propose des ateliers massage b\u00e9b\u00e9 et portage physiologique : un moment de bien-\u00eatre partag\u00e9 avec b\u00e9b\u00e9.","_seopress_robots_index":"","_seopress_analysis_target_kw":"massage b\u00e9b\u00e9,bien-\u00eatre b\u00e9b\u00e9,atelier parents-enfant,portage physiologique,porte b\u00e9b\u00e9,\u00e9charpe,sling,LES INSTANTS BIEN-\u00caTRE,bien-etre","footnotes":""},"class_list":["post-16756","page","type-page","status-publish","hentry"],"_links":{"self":[{"href":"https:\/\/b-sidebaby.com\/index.php\/wp-json\/wp\/v2\/pages\/16756","targetHints":{"allow":["GET"]}}],"collection":[{"href":"https:\/\/b-sidebaby.com\/index.php\/wp-json\/wp\/v2\/pages"}],"about":[{"href":"https:\/\/b-sidebaby.com\/index.php\/wp-json\/wp\/v2\/types\/page"}],"author":[{"embeddable":true,"href":"https:\/\/b-sidebaby.com\/index.php\/wp-json\/wp\/v2\/users\/1"}],"replies":[{"embeddable":true,"href":"https:\/\/b-sidebaby.com\/index.php\/wp-json\/wp\/v2\/comments?post=16756"}],"version-history":[{"count":28,"href":"https:\/\/b-sidebaby.com\/index.php\/wp-json\/wp\/v2\/pages\/16756\/revisions"}],"predecessor-version":[{"id":16794,"href":"https:\/\/b-sidebaby.com\/index.php\/wp-json\/wp\/v2\/pages\/16756\/revisions\/16794"}],"up":[{"embeddable":true,"href":"https:\/\/b-sidebaby.com\/index.php\/wp-json\/wp\/v2\/pages\/27"}],"wp:attachment":[{"href":"https:\/\/b-sidebaby.com\/index.php\/wp-json\/wp\/v2\/media?parent=16756"}],"curies":[{"name":"wp","href":"https:\/\/api.w.org\/{rel}","templated":true}]}}