{"id":15789,"date":"2019-11-20T14:53:41","date_gmt":"2019-11-20T13:53:41","guid":{"rendered":"https:\/\/b-sidebaby.com\/?page_id=15789"},"modified":"2026-01-28T15:09:59","modified_gmt":"2026-01-28T14:09:59","slug":"mentions-legales","status":"publish","type":"page","link":"https:\/\/b-sidebaby.com\/index.php\/mentions-legales\/","title":{"rendered":"Mentions l\u00e9gales"},"content":{"rendered":"<p><b>IDENTIFICATION ET PUBLICATION<\/b><\/p>\n<p><b>Mentions l\u00e9gales<\/b><\/p>\n<p><b>IDENTIFICATION ET PUBLICATION<\/b><\/p>\n<p><b>Editeur<\/b><br \/>\nCe site est publi\u00e9 par l&rsquo;entreprise <b>B SIDE BABY, SASU<\/b>\u00a0au capital de <strong>500 euros<\/strong>, immatricul\u00e9e \u00e0 <b>BAYONNE<\/b> sous le num\u00e9ro RCS N\u00b0 879 504 629 dont le si\u00e8ge social est situ\u00e9 \u00e0 64310 SAINT PEE SUR NIVELLE.<\/p>\n<p>Date de commencement d&rsquo;activit\u00e9 : 01\/01\/2020.<\/p>\n<p>Directeur de la publication : Lucie Mauroux<\/p>\n<p><b>H\u00e9bergeur<\/b><br \/>\nCe site est h\u00e9berg\u00e9 par <strong>OVH<\/strong> , SAS immatricul\u00e9e \u00e0 Lille sous le num\u00e9ro RCS\u00a0537 407 926 et dont le si\u00e8ge social est au 2 rue Kellermann, 59100 Roubaix, France.<\/p>\n<p><b>PROPRIETE INTELLECTUELLE<\/b><\/p>\n<p>Ce site a \u00e9t\u00e9 cr\u00e9\u00e9 par Marie Josselin, webdesigner,immatricul\u00e9e \u00e0 Angresse sous le num\u00e9ro SIRET N\u00b082354966200026.<br \/>\nTous les \u00e9l\u00e9ments graphiques, la structure et, plus g\u00e9n\u00e9ralement, le contenu du site <a href=\"http:\/\/www.b-sidebaby.com\">www.b-sidebaby.com<\/a><b> <\/b>sont prot\u00e9g\u00e9s par le droit d&rsquo;auteur, le droit des marques et le droit des dessins et mod\u00e8les.<br \/>\nToute personne qui recueille ou t\u00e9l\u00e9charge du contenu ou des\u00a0informations diffus\u00e9es sur le site ne dispose sur ceux-ci que d\u2019un droit d\u2019usage priv\u00e9, personnel et non transmissible.<br \/>\nLa reproduction d\u2019une page du site dans un cadre ext\u00e9rieur \u00e0 <a href=\"http:\/\/www.b-sidebaby.com\">www.b-sidebaby.com<\/a> ou l\u2019insertion d\u2019une page appartenant \u00e0 <a href=\"http:\/\/www.b-sidebaby.com\">www.b-sidebaby.com<\/a> dans la page d\u2019un autre site est interdite.<br \/>\nPar ailleurs, toute reproduction ou repr\u00e9sentation du site en partie ou en totalit\u00e9 est interdite sans le consentement et l&rsquo;accord \u00e9crit de <b>B side Baby<\/b> et constituerait une contrefa\u00e7on sanctionn\u00e9e par les articles L. 335-2 et suivants du Code de la Propri\u00e9t\u00e9 Intellectuelle.<br \/>\nLes textes, graphismes, dessins, logos et photos qui sont diffus\u00e9s sur <a href=\"http:\/\/b-sidebaby.com\">b-sidebaby.com<\/a><b> <\/b>peuvent faire l&rsquo;objet d&rsquo;une reproduction sur un support papier ou un support \u00e9lectronique, sous r\u00e9serve de citer le nom et l&rsquo;adresse du site et de ne pas en faire une utilisation commerciale.<br \/>\nLe non-respect des dispositions ci-dessus est susceptible de constituer une contrefa\u00e7on engageant la responsabilit\u00e9 civile ou p\u00e9nale de l&rsquo;auteur de la contrefa\u00e7on.<br \/>\nLa cr\u00e9ation d&rsquo;un lien hypertexte vers le site <b>b-sidebaby.com<\/b> ne peut se faire qu\u2019avec l\u2019autorisation de b-sidebaby.com, et sous r\u00e9serve qu&rsquo;aucune confusion ne puisse exister dans l&rsquo;esprit des internautes sur l&rsquo;identit\u00e9 du site ou la provenance des informations.<\/p>\n<p><b>COLLECTE ET UTILISATION DES DONNEES A CARACTERE PERSONNEL<\/b><\/p>\n<p>La collecte des donn\u00e9es \u00e0 caract\u00e8re personnel pour les prestations propos\u00e9es par le site <a href=\"http:\/\/www.b-sidebaby.com\">www.b-sidebaby.com<\/a> ainsi que leur traitement sont effectu\u00e9s dans le respect de la loi \u00ab Informatique, Fichiers et Libert\u00e9s \u00bb du 6 janvier 1978 modifi\u00e9e et ses d\u00e9crets d\u2019application.<br \/>\nLa collecte des donn\u00e9es \u00e0 caract\u00e8re personnel concernant les utilisateurs du site <b>www.b-sidebaby.com <\/b>a pour finalit\u00e9s principales la prise de contact avec B SIDE BABY.<br \/>\nPar ailleurs, \u00e0 l\u2019occasion de prise de contact avec B SIDE BABY, vous avez la possibilit\u00e9 de laisser vos coordonn\u00e9es, des informations personnelles vous concernant.<span class=\"Apple-converted-space\">\u00a0<\/span><br \/>\nLes donn\u00e9es r\u00e9colt\u00e9es ne sont jamais transmis \u00e0 des tiers sauf si vous avez donn\u00e9 votre consentement pr\u00e9alable et ce sous r\u00e9serve que les tiers se soient clairement engag\u00e9s \u00e0 respecter toutes les dispositions de la Loi du 6 janvier 1978 modifi\u00e9e.<br \/>\nEn application de la loi, toute personne ayant transmis des donn\u00e9es \u00e0 caract\u00e8re personnel dispose d\u2019un droit d\u2019acc\u00e8s, de rectification et de suppression des donn\u00e9es ainsi que d\u2019un droit d\u2019opposition au traitement des donn\u00e9es \u00e0 caract\u00e8re personnel la concernant.<br \/>\nA tout moment, vous pouvez demander \u00e0 exercer ce droit en envoyant un e-mail \u00e0 l\u2019adresse suivante : <a href=\"mailto:contact@b-sidebaby.com\">contact@b-sidebaby.com<\/a><\/p>\n<p>Mentions l\u00e9gales r\u00e9dig\u00e9es le 12\/12\/2019.<\/p>\n","protected":false},"excerpt":{"rendered":"<p>IDENTIFICATION ET PUBLICATION Mentions l\u00e9gales IDENTIFICATION ET PUBLICATION Editeur Ce site est publi\u00e9 par l&rsquo;entreprise B SIDE BABY, SASU\u00a0au capital de 500 euros, immatricul\u00e9e \u00e0 BAYONNE sous le num\u00e9ro RCS N\u00b0 879 504 629 dont le si\u00e8ge social est situ\u00e9 \u00e0 64310 SAINT PEE SUR&#8230;<\/p>\n","protected":false},"author":1,"featured_media":0,"parent":0,"menu_order":0,"comment_status":"closed","ping_status":"closed","template":"","meta":{"_seopress_robots_primary_cat":"","_seopress_titles_title":"","_seopress_titles_desc":"","_seopress_robots_index":"","footnotes":""},"class_list":["post-15789","page","type-page","status-publish","hentry"],"_links":{"self":[{"href":"https:\/\/b-sidebaby.com\/index.php\/wp-json\/wp\/v2\/pages\/15789","targetHints":{"allow":["GET"]}}],"collection":[{"href":"https:\/\/b-sidebaby.com\/index.php\/wp-json\/wp\/v2\/pages"}],"about":[{"href":"https:\/\/b-sidebaby.com\/index.php\/wp-json\/wp\/v2\/types\/page"}],"author":[{"embeddable":true,"href":"https:\/\/b-sidebaby.com\/index.php\/wp-json\/wp\/v2\/users\/1"}],"replies":[{"embeddable":true,"href":"https:\/\/b-sidebaby.com\/index.php\/wp-json\/wp\/v2\/comments?post=15789"}],"version-history":[{"count":1,"href":"https:\/\/b-sidebaby.com\/index.php\/wp-json\/wp\/v2\/pages\/15789\/revisions"}],"predecessor-version":[{"id":16814,"href":"https:\/\/b-sidebaby.com\/index.php\/wp-json\/wp\/v2\/pages\/15789\/revisions\/16814"}],"wp:attachment":[{"href":"https:\/\/b-sidebaby.com\/index.php\/wp-json\/wp\/v2\/media?parent=15789"}],"curies":[{"name":"wp","href":"https:\/\/api.w.org\/{rel}","templated":true}]}}