{"id":15547,"date":"2019-09-09T09:57:46","date_gmt":"2019-09-09T07:57:46","guid":{"rendered":"https:\/\/b-sidebaby.com\/?page_id=15547"},"modified":"2023-09-14T08:52:41","modified_gmt":"2023-09-14T06:52:41","slug":"bien-etre","status":"publish","type":"page","link":"https:\/\/b-sidebaby.com\/index.php\/mes-prestations\/bien-etre\/","title":{"rendered":"Bien-\u00eatre"},"content":{"rendered":"<p>[vc_row css_animation=\u00a0\u00bb\u00a0\u00bb row_type=\u00a0\u00bbrow\u00a0\u00bb use_row_as_full_screen_section=\u00a0\u00bbyes\u00a0\u00bb type=\u00a0\u00bbfull_width\u00a0\u00bb angled_section=\u00a0\u00bbno\u00a0\u00bb text_align=\u00a0\u00bbcenter\u00a0\u00bb background_image_as_pattern=\u00a0\u00bbwithout_pattern\u00a0\u00bb z_index=\u00a0\u00bb\u00a0\u00bb][vc_column][vc_row_inner row_type=\u00a0\u00bbrow\u00a0\u00bb type=\u00a0\u00bbfull_width\u00a0\u00bb text_align=\u00a0\u00bbleft\u00a0\u00bb css_animation=\u00a0\u00bb\u00a0\u00bb][vc_column_inner offset=\u00a0\u00bbvc_hidden-sm vc_hidden-xs\u00a0\u00bb][vc_single_image image=\u00a0\u00bb15556&Prime; img_size=\u00a0\u00bbfull\u00a0\u00bb alignment=\u00a0\u00bbcenter\u00a0\u00bb qode_css_animation=\u00a0\u00bb\u00a0\u00bb][\/vc_column_inner][\/vc_row_inner][\/vc_column][\/vc_row][vc_row css_animation=\u00a0\u00bb\u00a0\u00bb row_type=\u00a0\u00bbrow\u00a0\u00bb use_row_as_full_screen_section=\u00a0\u00bbno\u00a0\u00bb type=\u00a0\u00bbfull_width\u00a0\u00bb angled_section=\u00a0\u00bbno\u00a0\u00bb text_align=\u00a0\u00bbleft\u00a0\u00bb background_image_as_pattern=\u00a0\u00bbwithout_pattern\u00a0\u00bb z_index=\u00a0\u00bb\u00a0\u00bb el_class=\u00a0\u00bbimg_header\u00a0\u00bb][vc_column offset=\u00a0\u00bbvc_hidden-lg vc_hidden-md\u00a0\u00bb][vc_single_image image=\u00a0\u00bb15556&Prime; img_size=\u00a0\u00bbfull\u00a0\u00bb alignment=\u00a0\u00bbcenter\u00a0\u00bb qode_css_animation=\u00a0\u00bb\u00a0\u00bb][\/vc_column][\/vc_row][vc_row css_animation=\u00a0\u00bb\u00a0\u00bb row_type=\u00a0\u00bbrow\u00a0\u00bb use_row_as_full_screen_section=\u00a0\u00bbno\u00a0\u00bb type=\u00a0\u00bbfull_width\u00a0\u00bb angled_section=\u00a0\u00bbno\u00a0\u00bb text_align=\u00a0\u00bbleft\u00a0\u00bb background_image_as_pattern=\u00a0\u00bbwithout_pattern\u00a0\u00bb z_index=\u00a0\u00bb\u00a0\u00bb][vc_column][qode_elements_holder number_of_columns=\u00a0\u00bbone_column\u00a0\u00bb][qode_elements_holder_item advanced_animations=\u00a0\u00bbno\u00a0\u00bb][vc_empty_space height=\u00a0\u00bb30px\u00a0\u00bb]<div class='q_icon_with_title tiny custom_icon_image center '><div class=\"icon_holder q_icon_animation\" style=\" transition-delay: .5ms; -webkit-transition-delay: .5ms; -moz-transition-delay: .5ms; -o-transition-delay: .5ms;\"><img decoding=\"async\" itemprop=\"image\" style=\"\" src=\"https:\/\/b-sidebaby.com\/wp-content\/uploads\/2019\/09\/picto_3.png\" alt=\"\"><\/div><div class=\"icon_text_holder\" style=\"\"><div class=\"icon_text_inner\" style=\"\"><h1 class=\"icon_title\" style=\"\">LES INSTANTS BIEN-\u00caTRE<\/h1><p style='color: #000000'>Un cadeau pour b\u00e9b\u00e9 et vous<\/p><\/div><\/div><\/div>[\/qode_elements_holder_item][\/qode_elements_holder][\/vc_column][\/vc_row][vc_row css_animation=\u00a0\u00bb\u00a0\u00bb row_type=\u00a0\u00bbrow\u00a0\u00bb use_row_as_full_screen_section=\u00a0\u00bbno\u00a0\u00bb type=\u00a0\u00bbfull_width\u00a0\u00bb angled_section=\u00a0\u00bbno\u00a0\u00bb text_align=\u00a0\u00bbleft\u00a0\u00bb background_image_as_pattern=\u00a0\u00bbwithout_pattern\u00a0\u00bb z_index=\u00a0\u00bb\u00a0\u00bb][vc_column width=\u00a0\u00bb1\/6&Prime;][\/vc_column][vc_column width=\u00a0\u00bb2\/3&Prime;][vc_column_text]<\/p>\n<p style=\"text-align: center;\">Les conseils que je vais pouvoir vous apporter permettent de concilier d\u00e9veloppement et bien-\u00eatre de votre enfant. Des liens forts se tissent d\u00e8s les premi\u00e8res semaines de b\u00e9b\u00e9.<br \/>\nJe vous propose donc des outils afin de vous accompagner dans ces moments de d\u00e9tente et de communication avec votre enfant :<\/p>\n<p>[\/vc_column_text][\/vc_column][vc_column width=\u00a0\u00bb1\/6&Prime;][\/vc_column][\/vc_row][vc_row css_animation=\u00a0\u00bb\u00a0\u00bb row_type=\u00a0\u00bbrow\u00a0\u00bb use_row_as_full_screen_section=\u00a0\u00bbno\u00a0\u00bb type=\u00a0\u00bbfull_width\u00a0\u00bb angled_section=\u00a0\u00bbno\u00a0\u00bb text_align=\u00a0\u00bbleft\u00a0\u00bb background_image_as_pattern=\u00a0\u00bbwithout_pattern\u00a0\u00bb][vc_column][vc_row_inner row_type=\u00a0\u00bbrow\u00a0\u00bb type=\u00a0\u00bbfull_width\u00a0\u00bb text_align=\u00a0\u00bbleft\u00a0\u00bb css_animation=\u00a0\u00bb\u00a0\u00bb][vc_column_inner offset=\u00a0\u00bbvc_hidden-lg vc_hidden-md\u00a0\u00bb][vc_empty_space][vc_column_text]<\/p>\n<h2 class=\"titleh2\" style=\"text-align: center;\">Le massage b\u00e9b\u00e9<\/h2>\n<p>[\/vc_column_text][vc_single_image image=\u00a0\u00bb16742&Prime; img_size=\u00a0\u00bbfull\u00a0\u00bb alignment=\u00a0\u00bbcenter\u00a0\u00bb qode_css_animation=\u00a0\u00bbelement_from_right\u00a0\u00bb transition_delay=\u00a0\u00bb.5&Prime;][vc_column_text]<\/p>\n<p style=\"text-align: center;\">B side Baby vous transmet diff\u00e9rentes techniques de toucher massage afin de vous familiariser et d\u2019aborder une communication par les sens avec votre b\u00e9b\u00e9. Cet atelier vous permettra ainsi de passer un instant privil\u00e9gi\u00e9 avec votre enfant et d\u2019apprendre \u00e0 reconna\u00eetre les signes de confort et d\u2019inconfort de celui-ci.<\/p>\n<p style=\"text-align: center;\">Les bienfaits pour votre b\u00e9b\u00e9 sont nombreux : d\u00e9tente et bien-\u00eatre du corps, d\u00e9veloppement de l\u2019enfant favoris\u00e9, am\u00e9lioration de son sommeil et de sa digestion\u2026<br \/>\nL&rsquo;huile de massage est fournie (huile bio de premi\u00e8re pression \u00e0 froid) et une fiche r\u00e9capitulant les gestes abord\u00e9s vous sera envoy\u00e9e par e-mail apr\u00e8s la s\u00e9ance.<br \/>\nAfin que la technique n\u2019ait plus de secret pour vous et parce que ce moment vous appartiens, vous masserez votre enfant vous-m\u00eame.<\/p>\n<p>[\/vc_column_text][vc_empty_space height=\u00a0\u00bb10px\u00a0\u00bb][vc_column_text]<\/p>\n<p class=\"border_tarif\" style=\"text-align: center;\"><strong>Tarif individuel : 50 \u20ac<\/strong><\/p>\n<p>[\/vc_column_text][vc_empty_space height=\u00a0\u00bb10px\u00a0\u00bb][vc_column_text]<\/p>\n<p class=\"border_tarif\" style=\"text-align: center;\"><strong>Tarif Duo : 40 \u20ac \/ par pers<\/strong><\/p>\n<p>[\/vc_column_text][\/vc_column_inner][\/vc_row_inner][vc_empty_space height=\u00a0\u00bb50px\u00a0\u00bb][\/vc_column][\/vc_row][vc_row css_animation=\u00a0\u00bb\u00a0\u00bb row_type=\u00a0\u00bbrow\u00a0\u00bb use_row_as_full_screen_section=\u00a0\u00bbyes\u00a0\u00bb type=\u00a0\u00bbgrid\u00a0\u00bb header_style=\u00a0\u00bbdark\u00a0\u00bb in_content_menu=\u00a0\u00bbin_content_menu\u00a0\u00bb content_menu_icon=\u00a0\u00bb\u00a0\u00bb angled_section=\u00a0\u00bbno\u00a0\u00bb text_align=\u00a0\u00bbleft\u00a0\u00bb background_image_as_pattern=\u00a0\u00bbwith_pattern\u00a0\u00bb z_index=\u00a0\u00bb\u00a0\u00bb css=\u00a0\u00bb.vc_custom_1575970541353{background-position: center !important;background-repeat: no-repeat !important;background-size: contain !important;}\u00a0\u00bb][vc_column css_animation=\u00a0\u00bbnone\u00a0\u00bb width=\u00a0\u00bb1\/2&Prime; css=\u00a0\u00bb.vc_custom_1576089168434{padding-left: 50px !important;}\u00a0\u00bb offset=\u00a0\u00bbvc_hidden-sm vc_hidden-xs\u00a0\u00bb][vc_empty_space height=\u00a0\u00bb80px\u00a0\u00bb][vc_column_text css=\u00a0\u00bb.vc_custom_1620207305093{padding-bottom: 10px !important;}\u00a0\u00bb]<\/p>\n<h2 class=\"titleh2\" style=\"text-align: right;\">Le massage b\u00e9b\u00e9<\/h2>\n<p>[\/vc_column_text][vc_column_text]<\/p>\n<p style=\"text-align: right;\">B side Baby vous transmet diff\u00e9rentes techniques de toucher massage afin de vous familiariser et d\u2019aborder une communication par les sens avec votre b\u00e9b\u00e9. Cet atelier vous permettra ainsi de passer un instant privil\u00e9gi\u00e9 avec votre enfant et d\u2019apprendre \u00e0 reconna\u00eetre les signes de confort et d\u2019inconfort de celui-ci.<\/p>\n<p style=\"text-align: right;\">Les bienfaits pour votre b\u00e9b\u00e9 sont nombreux : d\u00e9tente et bien-\u00eatre du corps, d\u00e9veloppement de l\u2019enfant favoris\u00e9, am\u00e9lioration de son sommeil et de sa digestion\u2026<br \/>\nL&rsquo;huile de massage est fournie (huile bio de premi\u00e8re pression \u00e0 froid) et une fiche r\u00e9capitulant les gestes abord\u00e9s vous sera envoy\u00e9e par e-mail apr\u00e8s la s\u00e9ance.<br \/>\nAfin que la technique n\u2019ait plus de secret pour vous et parce que ce moment vous appartiens, vous masserez votre enfant vous-m\u00eame.<\/p>\n<p>[\/vc_column_text][vc_empty_space height=\u00a0\u00bb30px\u00a0\u00bb][vc_row_inner row_type=\u00a0\u00bbrow\u00a0\u00bb type=\u00a0\u00bbfull_width\u00a0\u00bb text_align=\u00a0\u00bbleft\u00a0\u00bb css_animation=\u00a0\u00bb\u00a0\u00bb][vc_column_inner width=\u00a0\u00bb1\/2&Prime;][vc_column_text]<\/p>\n<p class=\"border_tarif\" style=\"text-align: center;\"><strong>Tarif individuel : 50 \u20ac<\/strong><\/p>\n<p>[\/vc_column_text][\/vc_column_inner][vc_column_inner width=\u00a0\u00bb1\/2&Prime;][vc_column_text]<\/p>\n<p class=\"border_tarif\" style=\"text-align: center;\"><strong>Tarif Duo : 40 \u20ac \/ par pers<\/strong><\/p>\n<p>[\/vc_column_text][\/vc_column_inner][\/vc_row_inner][\/vc_column][vc_column parallax=\u00a0\u00bbcontent-moving-fade\u00a0\u00bb parallax_speed_bg=\u00a0\u00bb1&Prime; width=\u00a0\u00bb1\/2&Prime; offset=\u00a0\u00bbvc_hidden-sm vc_hidden-xs\u00a0\u00bb][vc_single_image image=\u00a0\u00bb16742&Prime; img_size=\u00a0\u00bbfull\u00a0\u00bb alignment=\u00a0\u00bbcenter\u00a0\u00bb qode_css_animation=\u00a0\u00bbelement_from_right\u00a0\u00bb transition_delay=\u00a0\u00bb.5&Prime;][\/vc_column][\/vc_row][vc_row css_animation=\u00a0\u00bb\u00a0\u00bb row_type=\u00a0\u00bbrow\u00a0\u00bb use_row_as_full_screen_section=\u00a0\u00bbno\u00a0\u00bb type=\u00a0\u00bbfull_width\u00a0\u00bb angled_section=\u00a0\u00bbno\u00a0\u00bb text_align=\u00a0\u00bbleft\u00a0\u00bb background_image_as_pattern=\u00a0\u00bbwithout_pattern\u00a0\u00bb][vc_column offset=\u00a0\u00bbvc_hidden-sm vc_hidden-xs\u00a0\u00bb][vc_empty_space height=\u00a0\u00bb50px\u00a0\u00bb][\/vc_column][\/vc_row][vc_row css_animation=\u00a0\u00bb\u00a0\u00bb row_type=\u00a0\u00bbrow\u00a0\u00bb use_row_as_full_screen_section=\u00a0\u00bbyes\u00a0\u00bb type=\u00a0\u00bbgrid\u00a0\u00bb header_style=\u00a0\u00bbdark\u00a0\u00bb in_content_menu=\u00a0\u00bbin_content_menu\u00a0\u00bb content_menu_icon=\u00a0\u00bb\u00a0\u00bb angled_section=\u00a0\u00bbno\u00a0\u00bb text_align=\u00a0\u00bbleft\u00a0\u00bb background_image_as_pattern=\u00a0\u00bbwith_pattern\u00a0\u00bb z_index=\u00a0\u00bb\u00a0\u00bb css=\u00a0\u00bb.vc_custom_1575970589942{background-position: center !important;background-repeat: no-repeat !important;background-size: contain !important;}\u00a0\u00bb][vc_column css_animation=\u00a0\u00bbnone\u00a0\u00bb width=\u00a0\u00bb1\/2&Prime; css=\u00a0\u00bb.vc_custom_1576089183095{padding-left: 50px !important;}\u00a0\u00bb offset=\u00a0\u00bbvc_hidden-sm vc_hidden-xs\u00a0\u00bb][vc_empty_space height=\u00a0\u00bb30px\u00a0\u00bb][vc_single_image image=\u00a0\u00bb15779&Prime; img_size=\u00a0\u00bbfull\u00a0\u00bb alignment=\u00a0\u00bbcenter\u00a0\u00bb qode_css_animation=\u00a0\u00bbelement_from_left\u00a0\u00bb transition_delay=\u00a0\u00bb.5&Prime;][\/vc_column][vc_column parallax=\u00a0\u00bbcontent-moving-fade\u00a0\u00bb parallax_speed_bg=\u00a0\u00bb1&Prime; width=\u00a0\u00bb1\/2&Prime; offset=\u00a0\u00bbvc_hidden-sm vc_hidden-xs\u00a0\u00bb][vc_empty_space height=\u00a0\u00bb50px\u00a0\u00bb][vc_column_text css=\u00a0\u00bb.vc_custom_1620207317094{padding-bottom: 30px !important;}\u00a0\u00bb]<\/p>\n<h2 class=\"titleh2\" style=\"text-align: left;\">Le portage<\/h2>\n<p>[\/vc_column_text][vc_column_text]La d\u00e9couverte du portage physiologique et des diff\u00e9rents porte-b\u00e9b\u00e9s contribue \u00e0 la\u00a0s\u00e9r\u00e9nit\u00e9 du b\u00e9b\u00e9 et de ses parents, tout en renfor\u00e7ant le lien d&rsquo;attachement.<\/p>\n<p>Le portage a en effet de nombreux bienfaits au niveau du sommeil, de l&rsquo;allaitement, petits maux de ventre etc\u2026<br \/>\nB side Baby vous initie et vous conseille lors d\u2019un atelier pratique.[\/vc_column_text][vc_empty_space height=\u00a0\u00bb30px\u00a0\u00bb][vc_row_inner row_type=\u00a0\u00bbrow\u00a0\u00bb type=\u00a0\u00bbfull_width\u00a0\u00bb text_align=\u00a0\u00bbleft\u00a0\u00bb css_animation=\u00a0\u00bb\u00a0\u00bb][vc_column_inner width=\u00a0\u00bb1\/2&Prime;][vc_column_text]<\/p>\n<p class=\"border_tarif\" style=\"text-align: center;\"><strong>Tarif individuel \u00a0: 50 \u20ac<\/strong><\/p>\n<p>[\/vc_column_text][\/vc_column_inner][vc_column_inner width=\u00a0\u00bb1\/2&Prime;][vc_column_text]<\/p>\n<p class=\"border_tarif\" style=\"text-align: center;\"><strong>Tarif Duo : 40 \u20ac \/ par pers<\/strong><\/p>\n<p>[\/vc_column_text][\/vc_column_inner][\/vc_row_inner][vc_empty_space height=\u00a0\u00bb30px\u00a0\u00bb][\/vc_column][\/vc_row][vc_row css_animation=\u00a0\u00bb\u00a0\u00bb row_type=\u00a0\u00bbrow\u00a0\u00bb use_row_as_full_screen_section=\u00a0\u00bbno\u00a0\u00bb type=\u00a0\u00bbfull_width\u00a0\u00bb angled_section=\u00a0\u00bbno\u00a0\u00bb text_align=\u00a0\u00bbleft\u00a0\u00bb background_image_as_pattern=\u00a0\u00bbwithout_pattern\u00a0\u00bb][vc_column][vc_row_inner row_type=\u00a0\u00bbrow\u00a0\u00bb type=\u00a0\u00bbfull_width\u00a0\u00bb text_align=\u00a0\u00bbleft\u00a0\u00bb css_animation=\u00a0\u00bb\u00a0\u00bb][vc_column_inner offset=\u00a0\u00bbvc_hidden-lg vc_hidden-md\u00a0\u00bb][vc_empty_space][vc_column_text]<\/p>\n<h2 class=\"titleh2\" style=\"text-align: center;\">Le portage<\/h2>\n<p>[\/vc_column_text][vc_single_image image=\u00a0\u00bb15779&Prime; img_size=\u00a0\u00bbfull\u00a0\u00bb alignment=\u00a0\u00bbcenter\u00a0\u00bb qode_css_animation=\u00a0\u00bbelement_from_left\u00a0\u00bb transition_delay=\u00a0\u00bb.5&Prime;][vc_column_text]<\/p>\n<p style=\"text-align: center;\">La d\u00e9couverte du portage physiologique et des diff\u00e9rents porte-b\u00e9b\u00e9s contribue \u00e0 la\u00a0s\u00e9r\u00e9nit\u00e9 du b\u00e9b\u00e9 et de ses parents, tout en renfor\u00e7ant le lien d&rsquo;attachement.<\/p>\n<p style=\"text-align: center;\">Le portage a en effet de nombreux bienfaits au niveau du sommeil, de l&rsquo;allaitement, petits maux de ventre etc\u2026<br \/>\nB side Baby vous initie et vous conseille lors d\u2019un atelier pratique.<\/p>\n<p>[\/vc_column_text][vc_empty_space height=\u00a0\u00bb10px\u00a0\u00bb][vc_column_text]<\/p>\n<p class=\"border_tarif\" style=\"text-align: center;\"><strong>Tarif individuel : 50 \u20ac<\/strong><\/p>\n<p>[\/vc_column_text][vc_empty_space height=\u00a0\u00bb10px\u00a0\u00bb][vc_column_text]<\/p>\n<p class=\"border_tarif\" style=\"text-align: center;\"><strong>Tarif Duo : 40 \u20ac \/ par pers<\/strong><\/p>\n<p>[\/vc_column_text][\/vc_column_inner][\/vc_row_inner][vc_empty_space height=\u00a0\u00bb50px\u00a0\u00bb][\/vc_column][\/vc_row][vc_row css_animation=\u00a0\u00bb\u00a0\u00bb row_type=\u00a0\u00bbrow\u00a0\u00bb use_row_as_full_screen_section=\u00a0\u00bbyes\u00a0\u00bb type=\u00a0\u00bbgrid\u00a0\u00bb header_style=\u00a0\u00bbdark\u00a0\u00bb in_content_menu=\u00a0\u00bbin_content_menu\u00a0\u00bb content_menu_icon=\u00a0\u00bb\u00a0\u00bb angled_section=\u00a0\u00bbno\u00a0\u00bb text_align=\u00a0\u00bbleft\u00a0\u00bb background_image_as_pattern=\u00a0\u00bbwith_pattern\u00a0\u00bb z_index=\u00a0\u00bb\u00a0\u00bb css=\u00a0\u00bb.vc_custom_1575970541353{background-position: center !important;background-repeat: no-repeat !important;background-size: contain !important;}\u00a0\u00bb][vc_column css_animation=\u00a0\u00bbnone\u00a0\u00bb width=\u00a0\u00bb1\/2&Prime; css=\u00a0\u00bb.vc_custom_1576089168434{padding-left: 50px !important;}\u00a0\u00bb offset=\u00a0\u00bbvc_hidden-sm vc_hidden-xs\u00a0\u00bb][vc_empty_space height=\u00a0\u00bb80px\u00a0\u00bb][vc_column_text css=\u00a0\u00bb.vc_custom_1694673929602{padding-bottom: 10px !important;}\u00a0\u00bb]<\/p>\n<h2 class=\"titleh2\" style=\"text-align: right;\">La r\u00e9flexologie b\u00e9b\u00e9 affective \u00a9<\/h2>\n<p>[\/vc_column_text][vc_column_text]<\/p>\n<p style=\"text-align: right;\">B side Baby vous propose un outil tr\u00e8s efficace pour r\u00e9pondre aux besoins de votre enfant en lien avec son histoire (grossesse, accouchement, pr\u00e9maturit\u00e9).<\/p>\n<p style=\"text-align: right;\">Une approche globale bas\u00e9e sur la compr\u00e9hension des \u00e9motions v\u00e9cues lors de sa vie intra ut\u00e9rine mise en relation avec les douleurs physiques ressenties qui peut se pratiquer d\u00e8s la naissance.<br \/>\nUn outil pour vous aider dans le tourbillon des maux du quotidien (maladies hivernales, coliques, reflux, constipation, douleurs li\u00e9es aux pouss\u00e9es dentaires, sommeil\u2026).<br \/>\nUn outil pour l\u2019apaiser dans les \u00e9tapes de son d\u00e9veloppement (anxi\u00e9t\u00e9, agitation..)<\/p>\n<p style=\"text-align: right;\">Les contres indications : Fi\u00e8vre sup\u00e9rieure \u00e0 38\u00b0C. Dans les 7 jours suivant un vaccin et \/ ou une s\u00e9ance d\u2019ost\u00e9opathie. Cette accompagnement ne se substitue pas \u00e0 un traitement m\u00e9dical.<\/p>\n<p>[\/vc_column_text][vc_empty_space height=\u00a0\u00bb30px\u00a0\u00bb][vc_row_inner row_type=\u00a0\u00bbrow\u00a0\u00bb type=\u00a0\u00bbfull_width\u00a0\u00bb text_align=\u00a0\u00bbleft\u00a0\u00bb css_animation=\u00a0\u00bb\u00a0\u00bb][vc_column_inner width=\u00a0\u00bb1\/2&Prime;][vc_column_text]<\/p>\n<p class=\"p1\" style=\"text-align: center;\"><span class=\"s1\"><b>Tarif individuel<\/b><\/span><strong> : 50 \u20ac<\/strong><\/p>\n<p>[\/vc_column_text][\/vc_column_inner][\/vc_row_inner][\/vc_column][vc_column parallax=\u00a0\u00bbcontent-moving-fade\u00a0\u00bb parallax_speed_bg=\u00a0\u00bb1&Prime; width=\u00a0\u00bb1\/2&Prime; offset=\u00a0\u00bbvc_hidden-sm vc_hidden-xs\u00a0\u00bb][vc_single_image image=\u00a0\u00bb15778&Prime; img_size=\u00a0\u00bbfull\u00a0\u00bb alignment=\u00a0\u00bbcenter\u00a0\u00bb qode_css_animation=\u00a0\u00bbelement_from_right\u00a0\u00bb transition_delay=\u00a0\u00bb.5&Prime;][\/vc_column][\/vc_row][vc_row css_animation=\u00a0\u00bb\u00a0\u00bb row_type=\u00a0\u00bbrow\u00a0\u00bb use_row_as_full_screen_section=\u00a0\u00bbno\u00a0\u00bb type=\u00a0\u00bbfull_width\u00a0\u00bb angled_section=\u00a0\u00bbno\u00a0\u00bb text_align=\u00a0\u00bbleft\u00a0\u00bb background_image_as_pattern=\u00a0\u00bbwithout_pattern\u00a0\u00bb][vc_column][vc_row_inner row_type=\u00a0\u00bbrow\u00a0\u00bb type=\u00a0\u00bbfull_width\u00a0\u00bb text_align=\u00a0\u00bbleft\u00a0\u00bb css_animation=\u00a0\u00bb\u00a0\u00bb][vc_column_inner offset=\u00a0\u00bbvc_hidden-lg vc_hidden-md\u00a0\u00bb][vc_empty_space][vc_column_text]<\/p>\n<h2 class=\"titleh2\" style=\"text-align: center;\">La r\u00e9flexologie b\u00e9b\u00e9 affective \u00a9<\/h2>\n<p>[\/vc_column_text][vc_single_image image=\u00a0\u00bb15778&Prime; img_size=\u00a0\u00bbfull\u00a0\u00bb alignment=\u00a0\u00bbcenter\u00a0\u00bb qode_css_animation=\u00a0\u00bbelement_from_right\u00a0\u00bb transition_delay=\u00a0\u00bb.5&Prime;][vc_column_text]<\/p>\n<p style=\"text-align: center;\">B side Baby vous propose un outil tr\u00e8s efficace pour r\u00e9pondre aux besoins de votre enfant en lien avec son histoire (grossesse, accouchement, pr\u00e9maturit\u00e9).<\/p>\n<p style=\"text-align: center;\">Une approche globale bas\u00e9e sur la compr\u00e9hension des \u00e9motions v\u00e9cues lors de sa vie intra ut\u00e9rine mise en relation avec les douleurs physiques ressenties qui peut se pratiquer d\u00e8s la naissance.<br \/>\nUn outil pour vous aider dans le tourbillon des maux du quotidien (maladies hivernales, coliques, reflux, constipation, douleurs li\u00e9es aux pouss\u00e9es dentaires, sommeil\u2026).<br \/>\nUn outil pour l\u2019apaiser dans les \u00e9tapes de son d\u00e9veloppement (anxi\u00e9t\u00e9, agitation..)<\/p>\n<p style=\"text-align: center;\">Les contres indications : Fi\u00e8vre sup\u00e9rieure \u00e0 38\u00b0C. Dans les 7 jours suivant un vaccin et \/ ou une s\u00e9ance d\u2019ost\u00e9opathie. Cette accompagnement ne se substitue pas \u00e0 un traitement m\u00e9dical.<\/p>\n<p>[\/vc_column_text][vc_empty_space height=\u00a0\u00bb10px\u00a0\u00bb][vc_column_text]<\/p>\n<p class=\"border_tarif\" style=\"text-align: center;\"><strong>Tarif individuel : 50 \u20ac<\/strong><\/p>\n<p>[\/vc_column_text][\/vc_column_inner][\/vc_row_inner][vc_empty_space height=\u00a0\u00bb50px\u00a0\u00bb][\/vc_column][\/vc_row][vc_row css_animation=\u00a0\u00bb\u00a0\u00bb row_type=\u00a0\u00bbrow\u00a0\u00bb use_row_as_full_screen_section=\u00a0\u00bbno\u00a0\u00bb type=\u00a0\u00bbgrid\u00a0\u00bb angled_section=\u00a0\u00bbno\u00a0\u00bb text_align=\u00a0\u00bbleft\u00a0\u00bb background_image_as_pattern=\u00a0\u00bbwithout_pattern\u00a0\u00bb z_index=\u00a0\u00bb\u00a0\u00bb][vc_column][vc_empty_space height=\u00a0\u00bb30px\u00a0\u00bb][vc_column_text css=\u00a0\u00bb.vc_custom_1694674049637{padding-top: 10px !important;padding-right: 50px !important;padding-bottom: 10px !important;padding-left: 50px !important;background-color: #fdece4 !important;}\u00a0\u00bb]<\/p>\n<p style=\"text-align: center;\">*Les tarifs des prestations indiqu\u00e9es sont \u00e0 domicile. Au del\u00e0 des frais suppl\u00e9mentaires (forfait d\u00e9placement) peuvent s\u2019ajouter en fonction de la localisation de votre domicile.<\/p>\n<p>[\/vc_column_text][vc_empty_space height=\u00a0\u00bb30px\u00a0\u00bb][\/vc_column][\/vc_row][vc_row css_animation=\u00a0\u00bb\u00a0\u00bb row_type=\u00a0\u00bbrow\u00a0\u00bb use_row_as_full_screen_section=\u00a0\u00bbno\u00a0\u00bb type=\u00a0\u00bbfull_width\u00a0\u00bb angled_section=\u00a0\u00bbno\u00a0\u00bb text_align=\u00a0\u00bbcenter\u00a0\u00bb background_image_as_pattern=\u00a0\u00bbwithout_pattern\u00a0\u00bb z_index=\u00a0\u00bb\u00a0\u00bb][vc_column]<div class=\"qode-cta-section qode-cta-appear-effect\">\n\t<img decoding=\"async\" src=\"https:\/\/b-sidebaby.com\/wp-content\/uploads\/2019\/09\/footer_contact@2x.jpg\" alt=\"call to action image\"\/>\n\t<div class=\"qode-cta-section-text-wrapper\">\n\t\t<div class=\"qode-cta-section-text-wrapper-inner\" >\n\t\t\t\t\t\tShortcode doesn&#039;t exist\t\t\t\t\t\t\n\n\t<a href=\"https:\/\/b-sidebaby.com\/index.php\/contact\/\" target=\"_self\"  class=\"qode-btn qode-btn-medium qode-btn-solid qode-btn-icon qode-btn-with-shadow qode-btn-shadow-hover\"  >\n\t    <span class=\"qode-btn-text\">CONTACT<\/span><span class=\"qode-button-v2-icon-holder qode-type1-gradient-bottom-to-top-text\"><span aria-hidden=\"true\" class=\"qode_icon_font_elegant arrow_carrot-right qode-button-v2-icon-holder-inner\" ><\/span><\/span>\t<\/a>\n\n\t\t<\/div>\n\t<\/div>\n<\/div>[\/vc_column][\/vc_row]<\/p>\n","protected":false},"excerpt":{"rendered":"<p>[vc_row css_animation=\u00a0\u00bb\u00a0\u00bb row_type=\u00a0\u00bbrow\u00a0\u00bb use_row_as_full_screen_section=\u00a0\u00bbyes\u00a0\u00bb type=\u00a0\u00bbfull_width\u00a0\u00bb angled_section=\u00a0\u00bbno\u00a0\u00bb text_align=\u00a0\u00bbcenter\u00a0\u00bb background_image_as_pattern=\u00a0\u00bbwithout_pattern\u00a0\u00bb z_index=\u00a0\u00bb\u00a0\u00bb][vc_column][vc_row_inner row_type=\u00a0\u00bbrow\u00a0\u00bb type=\u00a0\u00bbfull_width\u00a0\u00bb text_align=\u00a0\u00bbleft\u00a0\u00bb css_animation=\u00a0\u00bb\u00a0\u00bb][vc_column_inner offset=\u00a0\u00bbvc_hidden-sm vc_hidden-xs\u00a0\u00bb][vc_single_image image=\u00a0\u00bb15556&Prime; img_size=\u00a0\u00bbfull\u00a0\u00bb alignment=\u00a0\u00bbcenter\u00a0\u00bb qode_css_animation=\u00a0\u00bb\u00a0\u00bb][\/vc_column_inner][\/vc_row_inner][\/vc_column][\/vc_row][vc_row css_animation=\u00a0\u00bb\u00a0\u00bb row_type=\u00a0\u00bbrow\u00a0\u00bb use_row_as_full_screen_section=\u00a0\u00bbno\u00a0\u00bb type=\u00a0\u00bbfull_width\u00a0\u00bb angled_section=\u00a0\u00bbno\u00a0\u00bb text_align=\u00a0\u00bbleft\u00a0\u00bb background_image_as_pattern=\u00a0\u00bbwithout_pattern\u00a0\u00bb z_index=\u00a0\u00bb\u00a0\u00bb el_class=\u00a0\u00bbimg_header\u00a0\u00bb][vc_column offset=\u00a0\u00bbvc_hidden-lg vc_hidden-md\u00a0\u00bb][vc_single_image image=\u00a0\u00bb15556&Prime; img_size=\u00a0\u00bbfull\u00a0\u00bb alignment=\u00a0\u00bbcenter\u00a0\u00bb qode_css_animation=\u00a0\u00bb\u00a0\u00bb][\/vc_column][\/vc_row][vc_row css_animation=\u00a0\u00bb\u00a0\u00bb row_type=\u00a0\u00bbrow\u00a0\u00bb use_row_as_full_screen_section=\u00a0\u00bbno\u00a0\u00bb type=\u00a0\u00bbfull_width\u00a0\u00bb angled_section=\u00a0\u00bbno\u00a0\u00bb text_align=\u00a0\u00bbleft\u00a0\u00bb background_image_as_pattern=\u00a0\u00bbwithout_pattern\u00a0\u00bb z_index=\u00a0\u00bb\u00a0\u00bb][vc_column][qode_elements_holder number_of_columns=\u00a0\u00bbone_column\u00a0\u00bb][qode_elements_holder_item advanced_animations=\u00a0\u00bbno\u00a0\u00bb][vc_empty_space height=\u00a0\u00bb30px\u00a0\u00bb][\/qode_elements_holder_item][\/qode_elements_holder][\/vc_column][\/vc_row][vc_row&#8230;<\/p>\n","protected":false},"author":1,"featured_media":0,"parent":27,"menu_order":0,"comment_status":"closed","ping_status":"closed","template":"full_width.php","meta":{"_seopress_robots_primary_cat":"","_seopress_titles_title":"%%sitetitle%% %%sep%% %%post_title%% Massage b\u00e9b\u00e9 et portage","_seopress_titles_desc":"B side Baby vous propose des ateliers massage b\u00e9b\u00e9 et portage physiologique : un moment de bien-\u00eatre partag\u00e9 avec b\u00e9b\u00e9.","_seopress_robots_index":"","footnotes":""},"class_list":["post-15547","page","type-page","status-publish","hentry"],"_links":{"self":[{"href":"https:\/\/b-sidebaby.com\/index.php\/wp-json\/wp\/v2\/pages\/15547","targetHints":{"allow":["GET"]}}],"collection":[{"href":"https:\/\/b-sidebaby.com\/index.php\/wp-json\/wp\/v2\/pages"}],"about":[{"href":"https:\/\/b-sidebaby.com\/index.php\/wp-json\/wp\/v2\/types\/page"}],"author":[{"embeddable":true,"href":"https:\/\/b-sidebaby.com\/index.php\/wp-json\/wp\/v2\/users\/1"}],"replies":[{"embeddable":true,"href":"https:\/\/b-sidebaby.com\/index.php\/wp-json\/wp\/v2\/comments?post=15547"}],"version-history":[{"count":42,"href":"https:\/\/b-sidebaby.com\/index.php\/wp-json\/wp\/v2\/pages\/15547\/revisions"}],"predecessor-version":[{"id":16753,"href":"https:\/\/b-sidebaby.com\/index.php\/wp-json\/wp\/v2\/pages\/15547\/revisions\/16753"}],"up":[{"embeddable":true,"href":"https:\/\/b-sidebaby.com\/index.php\/wp-json\/wp\/v2\/pages\/27"}],"wp:attachment":[{"href":"https:\/\/b-sidebaby.com\/index.php\/wp-json\/wp\/v2\/media?parent=15547"}],"curies":[{"name":"wp","href":"https:\/\/api.w.org\/{rel}","templated":true}]}}